{"id":4221,"date":"2024-09-23T02:56:28","date_gmt":"2024-09-23T06:56:28","guid":{"rendered":"https:\/\/unavainaverde.com\/?post_type=product&#038;p=4221"},"modified":"2025-02-10T22:38:27","modified_gmt":"2025-02-11T02:38:27","slug":"diagnostico-empresarial-interno","status":"publish","type":"product","link":"https:\/\/unavainaverde.com\/en\/product\/diagnostico-empresarial-interno\/","title":{"rendered":"Diagn\u00f3stico Empresarial Interno"},"content":{"rendered":"<p>A trav\u00e9s de indicadores \u00a0basado en los principales est\u00e1ndares internacionales y otros requisitos exigidos a organizaciones en materia ESG, evaluamos el desempe\u00f1o de tu compa\u00f1\u00eda y analizamos tus puntos fuertes, as\u00ed como tus \u00e1reas de mejora.<\/p>\n<p>Esto incluye:\u00a0 An\u00e1lisis de situaci\u00f3n actual en aspectos medioambientales, sociales, de gobernanza y econ\u00f3micos.<\/p>","protected":false},"excerpt":{"rendered":"<p>A trav\u00e9s de un cuestionario basado en los principales est\u00e1ndares internacionales y otros requisitos exigidos a organizaciones en materia ESG, evaluamos el desempe\u00f1o&#8230;<\/p>","protected":false},"featured_media":4191,"comment_status":"open","ping_status":"closed","template":"","meta":{"_acf_changed":false,"_price":"100000","_stock":null,"_tribe_ticket_header":"","_tribe_default_ticket_provider":"","_tribe_ticket_capacity":"0","_ticket_start_date":"","_ticket_end_date":"","_tribe_ticket_show_description":"","_tribe_ticket_show_not_going":false,"_tribe_ticket_use_global_stock":"","_tribe_ticket_global_stock_level":"","_global_stock_mode":"","_global_stock_cap":"","_tribe_rsvp_for_event":"","_tribe_ticket_going_count":"","_tribe_ticket_not_going_count":"","_tribe_tickets_list":"[]","_tribe_ticket_has_attendee_info_fields":false,"_tec_slr_enabled":"","_tec_slr_layout":""},"product_brand":[],"product_cat":[35],"product_tag":[],"class_list":{"0":"post-4221","1":"product","2":"type-product","3":"status-publish","4":"has-post-thumbnail","6":"product_cat-asesorias","8":"first","9":"instock","10":"taxable","11":"shipping-taxable","12":"purchasable","13":"product-type-variable","14":"add-to-wishlist-after_add_to_cart"},"acf":[],"yoast_head":"<!-- This site is optimized with the Yoast SEO plugin v25.5 - https:\/\/yoast.com\/wordpress\/plugins\/seo\/ -->\n<title>Diagn\u00f3stico Empresarial Interno - Una Vaina Verde<\/title>\n<meta name=\"robots\" content=\"index, follow, max-snippet:-1, max-image-preview:large, max-video-preview:-1\" \/>\n<link rel=\"canonical\" href=\"https:\/\/unavainaverde.com\/en\/product\/diagnostico-empresarial-interno\/\" \/>\n<meta property=\"og:locale\" content=\"en_US\" \/>\n<meta property=\"og:type\" content=\"article\" \/>\n<meta property=\"og:title\" content=\"Diagn\u00f3stico Empresarial Interno - Una Vaina Verde\" \/>\n<meta property=\"og:description\" content=\"A trav\u00e9s de un cuestionario basado en los principales est\u00e1ndares internacionales y otros requisitos exigidos a organizaciones en materia ESG, evaluamos el desempe\u00f1o...\" \/>\n<meta property=\"og:url\" content=\"https:\/\/unavainaverde.com\/en\/product\/diagnostico-empresarial-interno\/\" \/>\n<meta property=\"og:site_name\" content=\"Una Vaina Verde\" \/>\n<meta property=\"article:publisher\" content=\"https:\/\/www.facebook.com\/unavainaverde\/\" \/>\n<meta property=\"article:modified_time\" content=\"2025-02-11T02:38:27+00:00\" \/>\n<meta property=\"og:image\" content=\"https:\/\/unavainaverde.com\/wp-content\/uploads\/Diagnostico-empresarial-interno.jpeg\" \/>\n\t<meta property=\"og:image:width\" content=\"1920\" \/>\n\t<meta property=\"og:image:height\" content=\"1277\" \/>\n\t<meta property=\"og:image:type\" content=\"image\/jpeg\" \/>\n<meta name=\"twitter:card\" content=\"summary_large_image\" \/>\n<meta name=\"twitter:label1\" content=\"Est. reading time\" \/>\n\t<meta name=\"twitter:data1\" content=\"1 minute\" \/>\n<script type=\"application\/ld+json\" class=\"yoast-schema-graph\">{\"@context\":\"https:\/\/schema.org\",\"@graph\":[{\"@type\":\"WebPage\",\"@id\":\"https:\/\/unavainaverde.com\/producto\/diagnostico-empresarial-interno\/\",\"url\":\"https:\/\/unavainaverde.com\/producto\/diagnostico-empresarial-interno\/\",\"name\":\"Diagn\u00f3stico Empresarial Interno - Una Vaina Verde\",\"isPartOf\":{\"@id\":\"https:\/\/unavainaverde.com\/#website\"},\"primaryImageOfPage\":{\"@id\":\"https:\/\/unavainaverde.com\/producto\/diagnostico-empresarial-interno\/#primaryimage\"},\"image\":{\"@id\":\"https:\/\/unavainaverde.com\/producto\/diagnostico-empresarial-interno\/#primaryimage\"},\"thumbnailUrl\":\"https:\/\/unavainaverde.com\/wp-content\/uploads\/Diagnostico-empresarial-interno.jpeg\",\"datePublished\":\"2024-09-23T06:56:28+00:00\",\"dateModified\":\"2025-02-11T02:38:27+00:00\",\"breadcrumb\":{\"@id\":\"https:\/\/unavainaverde.com\/producto\/diagnostico-empresarial-interno\/#breadcrumb\"},\"inLanguage\":\"en-US\",\"potentialAction\":[{\"@type\":\"ReadAction\",\"target\":[\"https:\/\/unavainaverde.com\/producto\/diagnostico-empresarial-interno\/\"]}]},{\"@type\":\"ImageObject\",\"inLanguage\":\"en-US\",\"@id\":\"https:\/\/unavainaverde.com\/producto\/diagnostico-empresarial-interno\/#primaryimage\",\"url\":\"https:\/\/unavainaverde.com\/wp-content\/uploads\/Diagnostico-empresarial-interno.jpeg\",\"contentUrl\":\"https:\/\/unavainaverde.com\/wp-content\/uploads\/Diagnostico-empresarial-interno.jpeg\",\"width\":1920,\"height\":1277,\"caption\":\"Diagn\u00f3stico empresarial interno\"},{\"@type\":\"BreadcrumbList\",\"@id\":\"https:\/\/unavainaverde.com\/producto\/diagnostico-empresarial-interno\/#breadcrumb\",\"itemListElement\":[{\"@type\":\"ListItem\",\"position\":1,\"name\":\"Portada\",\"item\":\"https:\/\/unavainaverde.com\/\"},{\"@type\":\"ListItem\",\"position\":2,\"name\":\"Tienda\",\"item\":\"https:\/\/unavainaverde.com\/tienda\/\"},{\"@type\":\"ListItem\",\"position\":3,\"name\":\"Diagn\u00f3stico Empresarial Interno\"}]},{\"@type\":\"WebSite\",\"@id\":\"https:\/\/unavainaverde.com\/#website\",\"url\":\"https:\/\/unavainaverde.com\/\",\"name\":\"Una Vaina Verde\",\"description\":\"Una Vaina Verde\",\"publisher\":{\"@id\":\"https:\/\/unavainaverde.com\/#organization\"},\"alternateName\":\"Una Vaina Verde\",\"potentialAction\":[{\"@type\":\"SearchAction\",\"target\":{\"@type\":\"EntryPoint\",\"urlTemplate\":\"https:\/\/unavainaverde.com\/?s={search_term_string}\"},\"query-input\":{\"@type\":\"PropertyValueSpecification\",\"valueRequired\":true,\"valueName\":\"search_term_string\"}}],\"inLanguage\":\"en-US\"},{\"@type\":\"Organization\",\"@id\":\"https:\/\/unavainaverde.com\/#organization\",\"name\":\"Una Vaina Verde\",\"alternateName\":\"Una Vaina Verde\",\"url\":\"https:\/\/unavainaverde.com\/\",\"logo\":{\"@type\":\"ImageObject\",\"inLanguage\":\"en-US\",\"@id\":\"https:\/\/unavainaverde.com\/#\/schema\/logo\/image\/\",\"url\":\"https:\/\/unavainaverde.com\/wp-content\/uploads\/Corito-Verde-2024.png\",\"contentUrl\":\"https:\/\/unavainaverde.com\/wp-content\/uploads\/Corito-Verde-2024.png\",\"width\":1080,\"height\":1080,\"caption\":\"Una Vaina Verde\"},\"image\":{\"@id\":\"https:\/\/unavainaverde.com\/#\/schema\/logo\/image\/\"},\"sameAs\":[\"https:\/\/www.facebook.com\/unavainaverde\/\"]}]}<\/script>\n<!-- \/ Yoast SEO plugin. -->","yoast_head_json":{"title":"Diagn\u00f3stico Empresarial Interno - Una Vaina Verde","robots":{"index":"index","follow":"follow","max-snippet":"max-snippet:-1","max-image-preview":"max-image-preview:large","max-video-preview":"max-video-preview:-1"},"canonical":"https:\/\/unavainaverde.com\/en\/product\/diagnostico-empresarial-interno\/","og_locale":"en_US","og_type":"article","og_title":"Diagn\u00f3stico Empresarial Interno - Una Vaina Verde","og_description":"A trav\u00e9s de un cuestionario basado en los principales est\u00e1ndares internacionales y otros requisitos exigidos a organizaciones en materia ESG, evaluamos el desempe\u00f1o...","og_url":"https:\/\/unavainaverde.com\/en\/product\/diagnostico-empresarial-interno\/","og_site_name":"Una Vaina Verde","article_publisher":"https:\/\/www.facebook.com\/unavainaverde\/","article_modified_time":"2025-02-11T02:38:27+00:00","og_image":[{"width":1920,"height":1277,"url":"https:\/\/unavainaverde.com\/wp-content\/uploads\/Diagnostico-empresarial-interno.jpeg","type":"image\/jpeg"}],"twitter_card":"summary_large_image","twitter_misc":{"Est. reading time":"1 minute"},"schema":{"@context":"https:\/\/schema.org","@graph":[{"@type":"WebPage","@id":"https:\/\/unavainaverde.com\/producto\/diagnostico-empresarial-interno\/","url":"https:\/\/unavainaverde.com\/producto\/diagnostico-empresarial-interno\/","name":"Diagn\u00f3stico Empresarial Interno - Una Vaina Verde","isPartOf":{"@id":"https:\/\/unavainaverde.com\/#website"},"primaryImageOfPage":{"@id":"https:\/\/unavainaverde.com\/producto\/diagnostico-empresarial-interno\/#primaryimage"},"image":{"@id":"https:\/\/unavainaverde.com\/producto\/diagnostico-empresarial-interno\/#primaryimage"},"thumbnailUrl":"https:\/\/unavainaverde.com\/wp-content\/uploads\/Diagnostico-empresarial-interno.jpeg","datePublished":"2024-09-23T06:56:28+00:00","dateModified":"2025-02-11T02:38:27+00:00","breadcrumb":{"@id":"https:\/\/unavainaverde.com\/producto\/diagnostico-empresarial-interno\/#breadcrumb"},"inLanguage":"en-US","potentialAction":[{"@type":"ReadAction","target":["https:\/\/unavainaverde.com\/producto\/diagnostico-empresarial-interno\/"]}]},{"@type":"ImageObject","inLanguage":"en-US","@id":"https:\/\/unavainaverde.com\/producto\/diagnostico-empresarial-interno\/#primaryimage","url":"https:\/\/unavainaverde.com\/wp-content\/uploads\/Diagnostico-empresarial-interno.jpeg","contentUrl":"https:\/\/unavainaverde.com\/wp-content\/uploads\/Diagnostico-empresarial-interno.jpeg","width":1920,"height":1277,"caption":"Diagn\u00f3stico empresarial interno"},{"@type":"BreadcrumbList","@id":"https:\/\/unavainaverde.com\/producto\/diagnostico-empresarial-interno\/#breadcrumb","itemListElement":[{"@type":"ListItem","position":1,"name":"Portada","item":"https:\/\/unavainaverde.com\/"},{"@type":"ListItem","position":2,"name":"Tienda","item":"https:\/\/unavainaverde.com\/tienda\/"},{"@type":"ListItem","position":3,"name":"Diagn\u00f3stico Empresarial Interno"}]},{"@type":"WebSite","@id":"https:\/\/unavainaverde.com\/#website","url":"https:\/\/unavainaverde.com\/","name":"Una Vaina Verde","description":"Una Vaina Verde","publisher":{"@id":"https:\/\/unavainaverde.com\/#organization"},"alternateName":"Una Vaina Verde","potentialAction":[{"@type":"SearchAction","target":{"@type":"EntryPoint","urlTemplate":"https:\/\/unavainaverde.com\/?s={search_term_string}"},"query-input":{"@type":"PropertyValueSpecification","valueRequired":true,"valueName":"search_term_string"}}],"inLanguage":"en-US"},{"@type":"Organization","@id":"https:\/\/unavainaverde.com\/#organization","name":"Una Vaina Verde","alternateName":"Una Vaina Verde","url":"https:\/\/unavainaverde.com\/","logo":{"@type":"ImageObject","inLanguage":"en-US","@id":"https:\/\/unavainaverde.com\/#\/schema\/logo\/image\/","url":"https:\/\/unavainaverde.com\/wp-content\/uploads\/Corito-Verde-2024.png","contentUrl":"https:\/\/unavainaverde.com\/wp-content\/uploads\/Corito-Verde-2024.png","width":1080,"height":1080,"caption":"Una Vaina Verde"},"image":{"@id":"https:\/\/unavainaverde.com\/#\/schema\/logo\/image\/"},"sameAs":["https:\/\/www.facebook.com\/unavainaverde\/"]}]}},"_links":{"self":[{"href":"https:\/\/unavainaverde.com\/en\/wp-json\/wp\/v2\/product\/4221","targetHints":{"allow":["GET"]}}],"collection":[{"href":"https:\/\/unavainaverde.com\/en\/wp-json\/wp\/v2\/product"}],"about":[{"href":"https:\/\/unavainaverde.com\/en\/wp-json\/wp\/v2\/types\/product"}],"replies":[{"embeddable":true,"href":"https:\/\/unavainaverde.com\/en\/wp-json\/wp\/v2\/comments?post=4221"}],"wp:featuredmedia":[{"embeddable":true,"href":"https:\/\/unavainaverde.com\/en\/wp-json\/wp\/v2\/media\/4191"}],"wp:attachment":[{"href":"https:\/\/unavainaverde.com\/en\/wp-json\/wp\/v2\/media?parent=4221"}],"wp:term":[{"taxonomy":"product_brand","embeddable":true,"href":"https:\/\/unavainaverde.com\/en\/wp-json\/wp\/v2\/product_brand?post=4221"},{"taxonomy":"product_cat","embeddable":true,"href":"https:\/\/unavainaverde.com\/en\/wp-json\/wp\/v2\/product_cat?post=4221"},{"taxonomy":"product_tag","embeddable":true,"href":"https:\/\/unavainaverde.com\/en\/wp-json\/wp\/v2\/product_tag?post=4221"}],"curies":[{"name":"wp","href":"https:\/\/api.w.org\/{rel}","templated":true}]}}