{"id":4219,"date":"2024-09-23T02:54:52","date_gmt":"2024-09-23T06:54:52","guid":{"rendered":"https:\/\/unavainaverde.com\/?post_type=product&#038;p=4219"},"modified":"2025-01-27T12:09:59","modified_gmt":"2025-01-27T16:09:59","slug":"plan-de-accion-verde","status":"publish","type":"product","link":"https:\/\/unavainaverde.com\/en\/product\/plan-de-accion-verde\/","title":{"rendered":"Plan de Acci\u00f3n Verde"},"content":{"rendered":"<p>A ejecutar por el cliente.<\/p>\n<p>Una Vaina Verde ser\u00e1 responsable de desarrollar un Plan de Acci\u00f3n Verde (PAV) que permita al cliente potenciar su desempe\u00f1o en materia de sostenibilidad al mismo tiempo que mejora la eficiencia de sus procesos.<\/p>\n<p>Incluye: Diagn\u00f3stico empresarial &#8211; interno: an\u00e1lisis de situaci\u00f3n actual en aspectos medioambientales, sociales, de gobernanza y econ\u00f3micos para el establecimiento de l\u00ednea base; entrevistas a colaboradores internos, tomadores de decisi\u00f3n y l\u00edderes de equipos y\/o \u00e1reas; plan de Acci\u00f3n Verde (PAV) elaborado en base a las tendencias del mercado, los puntos fuertes y d\u00e9biles de la organizaci\u00f3n y resultados obtenidos para valorar la priorizaci\u00f3n de las acciones planteadas.<\/p>\n<p>Dentro de este PAV se detallan los diferentes \u00e1mbitos y subcategor\u00edas, las acciones a realizar, una breve descripci\u00f3n de las mismas, las tareas a realizar por parte del cliente y un listado de posibles indicadores clave de desempe\u00f1o (KPIs, por su siglas en ingl\u00e9s) que se podr\u00e1n emplear para hacer el seguimiento de las acciones una vez se hayan implementado.<\/p>","protected":false},"excerpt":{"rendered":"<p>A ejecutar por el cliente.<br \/>\nUna Vaina Verde ser\u00e1 responsable de desarrollar un Plan de Acci\u00f3n Verde (PAV) que permita al cliente potenciar su desempe\u00f1o en materia de sostenibilidad al mismo tiempo que mejora la eficiencia&#8230;<\/p>","protected":false},"featured_media":4192,"comment_status":"open","ping_status":"closed","template":"","meta":{"_acf_changed":false,"_price":"250000","_stock":null,"_tribe_ticket_header":"","_tribe_default_ticket_provider":"","_tribe_ticket_capacity":"0","_ticket_start_date":"","_ticket_end_date":"","_tribe_ticket_show_description":"","_tribe_ticket_show_not_going":false,"_tribe_ticket_use_global_stock":"","_tribe_ticket_global_stock_level":"","_global_stock_mode":"","_global_stock_cap":"","_tribe_rsvp_for_event":"","_tribe_ticket_going_count":"","_tribe_ticket_not_going_count":"","_tribe_tickets_list":"[]","_tribe_ticket_has_attendee_info_fields":false,"_tec_slr_enabled":"","_tec_slr_layout":""},"product_brand":[],"product_cat":[35],"product_tag":[],"class_list":{"0":"post-4219","1":"product","2":"type-product","3":"status-publish","4":"has-post-thumbnail","6":"product_cat-asesorias","8":"first","9":"instock","10":"taxable","11":"shipping-taxable","12":"purchasable","13":"product-type-variable","14":"add-to-wishlist-after_add_to_cart"},"acf":[],"yoast_head":"<!-- This site is optimized with the Yoast SEO plugin v25.5 - https:\/\/yoast.com\/wordpress\/plugins\/seo\/ -->\n<title>Plan de Acci\u00f3n Verde - Una Vaina Verde<\/title>\n<meta name=\"robots\" content=\"index, follow, max-snippet:-1, max-image-preview:large, max-video-preview:-1\" \/>\n<link rel=\"canonical\" href=\"https:\/\/unavainaverde.com\/en\/product\/plan-de-accion-verde\/\" \/>\n<meta property=\"og:locale\" content=\"en_US\" \/>\n<meta property=\"og:type\" content=\"article\" \/>\n<meta property=\"og:title\" content=\"Plan de Acci\u00f3n Verde - Una Vaina Verde\" \/>\n<meta property=\"og:description\" content=\"A ejecutar por el cliente. Una Vaina Verde ser\u00e1 responsable de desarrollar un Plan de Acci\u00f3n Verde (PAV) que permita al cliente potenciar su desempe\u00f1o en materia de sostenibilidad al mismo tiempo que mejora la eficiencia...\" \/>\n<meta property=\"og:url\" content=\"https:\/\/unavainaverde.com\/en\/product\/plan-de-accion-verde\/\" \/>\n<meta property=\"og:site_name\" content=\"Una Vaina Verde\" \/>\n<meta property=\"article:publisher\" content=\"https:\/\/www.facebook.com\/unavainaverde\/\" \/>\n<meta property=\"article:modified_time\" content=\"2025-01-27T16:09:59+00:00\" \/>\n<meta property=\"og:image\" content=\"https:\/\/unavainaverde.com\/wp-content\/uploads\/Plan-de-Accion-Verde.jpeg\" \/>\n\t<meta property=\"og:image:width\" content=\"1920\" \/>\n\t<meta property=\"og:image:height\" content=\"1080\" \/>\n\t<meta property=\"og:image:type\" content=\"image\/jpeg\" \/>\n<meta name=\"twitter:card\" content=\"summary_large_image\" \/>\n<meta name=\"twitter:label1\" content=\"Est. reading time\" \/>\n\t<meta name=\"twitter:data1\" content=\"1 minute\" \/>\n<script type=\"application\/ld+json\" class=\"yoast-schema-graph\">{\"@context\":\"https:\/\/schema.org\",\"@graph\":[{\"@type\":\"WebPage\",\"@id\":\"https:\/\/unavainaverde.com\/producto\/plan-de-accion-verde\/\",\"url\":\"https:\/\/unavainaverde.com\/producto\/plan-de-accion-verde\/\",\"name\":\"Plan de Acci\u00f3n Verde - Una Vaina Verde\",\"isPartOf\":{\"@id\":\"https:\/\/unavainaverde.com\/#website\"},\"primaryImageOfPage\":{\"@id\":\"https:\/\/unavainaverde.com\/producto\/plan-de-accion-verde\/#primaryimage\"},\"image\":{\"@id\":\"https:\/\/unavainaverde.com\/producto\/plan-de-accion-verde\/#primaryimage\"},\"thumbnailUrl\":\"https:\/\/unavainaverde.com\/wp-content\/uploads\/Plan-de-Accion-Verde.jpeg\",\"datePublished\":\"2024-09-23T06:54:52+00:00\",\"dateModified\":\"2025-01-27T16:09:59+00:00\",\"breadcrumb\":{\"@id\":\"https:\/\/unavainaverde.com\/producto\/plan-de-accion-verde\/#breadcrumb\"},\"inLanguage\":\"en-US\",\"potentialAction\":[{\"@type\":\"ReadAction\",\"target\":[\"https:\/\/unavainaverde.com\/producto\/plan-de-accion-verde\/\"]}]},{\"@type\":\"ImageObject\",\"inLanguage\":\"en-US\",\"@id\":\"https:\/\/unavainaverde.com\/producto\/plan-de-accion-verde\/#primaryimage\",\"url\":\"https:\/\/unavainaverde.com\/wp-content\/uploads\/Plan-de-Accion-Verde.jpeg\",\"contentUrl\":\"https:\/\/unavainaverde.com\/wp-content\/uploads\/Plan-de-Accion-Verde.jpeg\",\"width\":1920,\"height\":1080,\"caption\":\"Plan de Acci\u00f3n Verde\"},{\"@type\":\"BreadcrumbList\",\"@id\":\"https:\/\/unavainaverde.com\/producto\/plan-de-accion-verde\/#breadcrumb\",\"itemListElement\":[{\"@type\":\"ListItem\",\"position\":1,\"name\":\"Portada\",\"item\":\"https:\/\/unavainaverde.com\/\"},{\"@type\":\"ListItem\",\"position\":2,\"name\":\"Tienda\",\"item\":\"https:\/\/unavainaverde.com\/tienda\/\"},{\"@type\":\"ListItem\",\"position\":3,\"name\":\"Plan de Acci\u00f3n Verde\"}]},{\"@type\":\"WebSite\",\"@id\":\"https:\/\/unavainaverde.com\/#website\",\"url\":\"https:\/\/unavainaverde.com\/\",\"name\":\"Una Vaina Verde\",\"description\":\"Una Vaina Verde\",\"publisher\":{\"@id\":\"https:\/\/unavainaverde.com\/#organization\"},\"alternateName\":\"Una Vaina Verde\",\"potentialAction\":[{\"@type\":\"SearchAction\",\"target\":{\"@type\":\"EntryPoint\",\"urlTemplate\":\"https:\/\/unavainaverde.com\/?s={search_term_string}\"},\"query-input\":{\"@type\":\"PropertyValueSpecification\",\"valueRequired\":true,\"valueName\":\"search_term_string\"}}],\"inLanguage\":\"en-US\"},{\"@type\":\"Organization\",\"@id\":\"https:\/\/unavainaverde.com\/#organization\",\"name\":\"Una Vaina Verde\",\"alternateName\":\"Una Vaina Verde\",\"url\":\"https:\/\/unavainaverde.com\/\",\"logo\":{\"@type\":\"ImageObject\",\"inLanguage\":\"en-US\",\"@id\":\"https:\/\/unavainaverde.com\/#\/schema\/logo\/image\/\",\"url\":\"https:\/\/unavainaverde.com\/wp-content\/uploads\/Corito-Verde-2024.png\",\"contentUrl\":\"https:\/\/unavainaverde.com\/wp-content\/uploads\/Corito-Verde-2024.png\",\"width\":1080,\"height\":1080,\"caption\":\"Una Vaina Verde\"},\"image\":{\"@id\":\"https:\/\/unavainaverde.com\/#\/schema\/logo\/image\/\"},\"sameAs\":[\"https:\/\/www.facebook.com\/unavainaverde\/\"]}]}<\/script>\n<!-- \/ Yoast SEO plugin. -->","yoast_head_json":{"title":"Plan de Acci\u00f3n Verde - Una Vaina Verde","robots":{"index":"index","follow":"follow","max-snippet":"max-snippet:-1","max-image-preview":"max-image-preview:large","max-video-preview":"max-video-preview:-1"},"canonical":"https:\/\/unavainaverde.com\/en\/product\/plan-de-accion-verde\/","og_locale":"en_US","og_type":"article","og_title":"Plan de Acci\u00f3n Verde - Una Vaina Verde","og_description":"A ejecutar por el cliente. Una Vaina Verde ser\u00e1 responsable de desarrollar un Plan de Acci\u00f3n Verde (PAV) que permita al cliente potenciar su desempe\u00f1o en materia de sostenibilidad al mismo tiempo que mejora la eficiencia...","og_url":"https:\/\/unavainaverde.com\/en\/product\/plan-de-accion-verde\/","og_site_name":"Una Vaina Verde","article_publisher":"https:\/\/www.facebook.com\/unavainaverde\/","article_modified_time":"2025-01-27T16:09:59+00:00","og_image":[{"width":1920,"height":1080,"url":"https:\/\/unavainaverde.com\/wp-content\/uploads\/Plan-de-Accion-Verde.jpeg","type":"image\/jpeg"}],"twitter_card":"summary_large_image","twitter_misc":{"Est. reading time":"1 minute"},"schema":{"@context":"https:\/\/schema.org","@graph":[{"@type":"WebPage","@id":"https:\/\/unavainaverde.com\/producto\/plan-de-accion-verde\/","url":"https:\/\/unavainaverde.com\/producto\/plan-de-accion-verde\/","name":"Plan de Acci\u00f3n Verde - Una Vaina Verde","isPartOf":{"@id":"https:\/\/unavainaverde.com\/#website"},"primaryImageOfPage":{"@id":"https:\/\/unavainaverde.com\/producto\/plan-de-accion-verde\/#primaryimage"},"image":{"@id":"https:\/\/unavainaverde.com\/producto\/plan-de-accion-verde\/#primaryimage"},"thumbnailUrl":"https:\/\/unavainaverde.com\/wp-content\/uploads\/Plan-de-Accion-Verde.jpeg","datePublished":"2024-09-23T06:54:52+00:00","dateModified":"2025-01-27T16:09:59+00:00","breadcrumb":{"@id":"https:\/\/unavainaverde.com\/producto\/plan-de-accion-verde\/#breadcrumb"},"inLanguage":"en-US","potentialAction":[{"@type":"ReadAction","target":["https:\/\/unavainaverde.com\/producto\/plan-de-accion-verde\/"]}]},{"@type":"ImageObject","inLanguage":"en-US","@id":"https:\/\/unavainaverde.com\/producto\/plan-de-accion-verde\/#primaryimage","url":"https:\/\/unavainaverde.com\/wp-content\/uploads\/Plan-de-Accion-Verde.jpeg","contentUrl":"https:\/\/unavainaverde.com\/wp-content\/uploads\/Plan-de-Accion-Verde.jpeg","width":1920,"height":1080,"caption":"Plan de Acci\u00f3n Verde"},{"@type":"BreadcrumbList","@id":"https:\/\/unavainaverde.com\/producto\/plan-de-accion-verde\/#breadcrumb","itemListElement":[{"@type":"ListItem","position":1,"name":"Portada","item":"https:\/\/unavainaverde.com\/"},{"@type":"ListItem","position":2,"name":"Tienda","item":"https:\/\/unavainaverde.com\/tienda\/"},{"@type":"ListItem","position":3,"name":"Plan de Acci\u00f3n Verde"}]},{"@type":"WebSite","@id":"https:\/\/unavainaverde.com\/#website","url":"https:\/\/unavainaverde.com\/","name":"Una Vaina Verde","description":"Una Vaina Verde","publisher":{"@id":"https:\/\/unavainaverde.com\/#organization"},"alternateName":"Una Vaina Verde","potentialAction":[{"@type":"SearchAction","target":{"@type":"EntryPoint","urlTemplate":"https:\/\/unavainaverde.com\/?s={search_term_string}"},"query-input":{"@type":"PropertyValueSpecification","valueRequired":true,"valueName":"search_term_string"}}],"inLanguage":"en-US"},{"@type":"Organization","@id":"https:\/\/unavainaverde.com\/#organization","name":"Una Vaina Verde","alternateName":"Una Vaina Verde","url":"https:\/\/unavainaverde.com\/","logo":{"@type":"ImageObject","inLanguage":"en-US","@id":"https:\/\/unavainaverde.com\/#\/schema\/logo\/image\/","url":"https:\/\/unavainaverde.com\/wp-content\/uploads\/Corito-Verde-2024.png","contentUrl":"https:\/\/unavainaverde.com\/wp-content\/uploads\/Corito-Verde-2024.png","width":1080,"height":1080,"caption":"Una Vaina Verde"},"image":{"@id":"https:\/\/unavainaverde.com\/#\/schema\/logo\/image\/"},"sameAs":["https:\/\/www.facebook.com\/unavainaverde\/"]}]}},"_links":{"self":[{"href":"https:\/\/unavainaverde.com\/en\/wp-json\/wp\/v2\/product\/4219","targetHints":{"allow":["GET"]}}],"collection":[{"href":"https:\/\/unavainaverde.com\/en\/wp-json\/wp\/v2\/product"}],"about":[{"href":"https:\/\/unavainaverde.com\/en\/wp-json\/wp\/v2\/types\/product"}],"replies":[{"embeddable":true,"href":"https:\/\/unavainaverde.com\/en\/wp-json\/wp\/v2\/comments?post=4219"}],"wp:featuredmedia":[{"embeddable":true,"href":"https:\/\/unavainaverde.com\/en\/wp-json\/wp\/v2\/media\/4192"}],"wp:attachment":[{"href":"https:\/\/unavainaverde.com\/en\/wp-json\/wp\/v2\/media?parent=4219"}],"wp:term":[{"taxonomy":"product_brand","embeddable":true,"href":"https:\/\/unavainaverde.com\/en\/wp-json\/wp\/v2\/product_brand?post=4219"},{"taxonomy":"product_cat","embeddable":true,"href":"https:\/\/unavainaverde.com\/en\/wp-json\/wp\/v2\/product_cat?post=4219"},{"taxonomy":"product_tag","embeddable":true,"href":"https:\/\/unavainaverde.com\/en\/wp-json\/wp\/v2\/product_tag?post=4219"}],"curies":[{"name":"wp","href":"https:\/\/api.w.org\/{rel}","templated":true}]}}