{"id":4218,"date":"2024-09-23T02:54:43","date_gmt":"2024-09-23T06:54:43","guid":{"rendered":"https:\/\/unavainaverde.com\/?post_type=product&#038;p=4218"},"modified":"2025-02-10T22:38:43","modified_gmt":"2025-02-11T02:38:43","slug":"plan-de-ejecucion","status":"publish","type":"product","link":"https:\/\/unavainaverde.com\/en\/product\/plan-de-ejecucion\/","title":{"rendered":"Plan de Ejecuci\u00f3n"},"content":{"rendered":"<p>De acuerdo al alcance contratado, Una Vaina Verde (UVV) podr\u00e1 ser responsable de dise\u00f1ar, construir, capacitar y acompa\u00f1ar al personal que estar\u00e1 a cargo.<\/p>\n<p>Algunas referencias:<\/p>\n<ul>\n<li>Dise\u00f1o de sistemas in situ: precio seg\u00fan el alcance.<\/li>\n<li>An\u00e1lisis de materialidad: El an\u00e1lisis de materialidad es la base para saber qu\u00e9 tienes que gestionar internamente. Por esta raz\u00f3n te ayudamos a definir tus asuntos materiales para que el reporte y la gesti\u00f3n de la sostenibilidad pase de ser algo complicado, a una vaina sencilla.<\/li>\n<li>Indicadores de desempe\u00f1o: \u00bfNo sabes por d\u00f3nde empezar a gestionar el desempe\u00f1o de tu compa\u00f1\u00eda en materia de sostenibilidad? No te preocupes, te ayudamos a definir los KPIs que pueden ser m\u00e1s relevantes para tu compa\u00f1\u00eda y tu sector.<\/li>\n<li>Pol\u00edticas y c\u00f3digo de conducta: Desarrollamos pol\u00edticas internas que pueden ayudar a tu compa\u00f1\u00eda a establecer una serie de criterios para la consecuci\u00f3n de los objetivos corporativos en diferentes \u00e1reas de la compa\u00f1\u00eda.<\/li>\n<li>Informes de Sostenibilidad: Elaboramos tu informe de sostenibilidad bas\u00e1ndonos en est\u00e1ndares internacionales para ayudarte a mostrar a tus grupos de inter\u00e9s todas las vainas verdes que has hecho durante el a\u00f1o.<\/li>\n<\/ul>\n<p>En estos casos, implementa UVV<\/p>\n<p>&nbsp;<\/p>","protected":false},"excerpt":{"rendered":"<p>A implementar por UVV.<br \/>\nDise\u00f1o de sistemas in situ: precio seg\u00fan el alcance.<br \/>\nAn\u00e1lisis de materialidad: El an\u00e1lisis de materialidad es la base para saber qu\u00e9 tienes que gestionar internamente. Por esta raz\u00f3n te ayudamos a definir tus asuntos materiales para que el reporte y la gesti\u00f3n..<\/p>","protected":false},"featured_media":4190,"comment_status":"open","ping_status":"closed","template":"","meta":{"_acf_changed":false,"_price":"","_stock":null,"_tribe_ticket_header":"","_tribe_default_ticket_provider":"","_tribe_ticket_capacity":"0","_ticket_start_date":"","_ticket_end_date":"","_tribe_ticket_show_description":"","_tribe_ticket_show_not_going":false,"_tribe_ticket_use_global_stock":"","_tribe_ticket_global_stock_level":"","_global_stock_mode":"","_global_stock_cap":"","_tribe_rsvp_for_event":"","_tribe_ticket_going_count":"","_tribe_ticket_not_going_count":"","_tribe_tickets_list":"[]","_tribe_ticket_has_attendee_info_fields":false,"_tec_slr_enabled":"","_tec_slr_layout":""},"product_brand":[],"product_cat":[35],"product_tag":[],"class_list":{"0":"post-4218","1":"product","2":"type-product","3":"status-publish","4":"has-post-thumbnail","6":"product_cat-asesorias","8":"first","9":"instock","10":"taxable","11":"shipping-taxable","12":"product-type-external","13":"add-to-wishlist-after_add_to_cart"},"acf":[],"yoast_head":"<!-- This site is optimized with the Yoast SEO plugin v25.5 - https:\/\/yoast.com\/wordpress\/plugins\/seo\/ -->\n<title>Plan de Ejecuci\u00f3n - Una Vaina Verde<\/title>\n<meta name=\"robots\" content=\"index, follow, max-snippet:-1, max-image-preview:large, max-video-preview:-1\" \/>\n<link rel=\"canonical\" href=\"https:\/\/unavainaverde.com\/en\/product\/plan-de-ejecucion\/\" \/>\n<meta property=\"og:locale\" content=\"en_US\" \/>\n<meta property=\"og:type\" content=\"article\" \/>\n<meta property=\"og:title\" content=\"Plan de Ejecuci\u00f3n - Una Vaina Verde\" \/>\n<meta property=\"og:description\" content=\"A implementar por UVV. Dise\u00f1o de sistemas in situ: precio seg\u00fan el alcance. An\u00e1lisis de materialidad: El an\u00e1lisis de materialidad es la base para saber qu\u00e9 tienes que gestionar internamente. Por esta raz\u00f3n te ayudamos a definir tus asuntos materiales para que el reporte y la gesti\u00f3n..\" \/>\n<meta property=\"og:url\" content=\"https:\/\/unavainaverde.com\/en\/product\/plan-de-ejecucion\/\" \/>\n<meta property=\"og:site_name\" content=\"Una Vaina Verde\" \/>\n<meta property=\"article:publisher\" content=\"https:\/\/www.facebook.com\/unavainaverde\/\" \/>\n<meta property=\"article:modified_time\" content=\"2025-02-11T02:38:43+00:00\" \/>\n<meta property=\"og:image\" content=\"https:\/\/unavainaverde.com\/wp-content\/uploads\/Plan-de-Ejecucion.png\" \/>\n\t<meta property=\"og:image:width\" content=\"1920\" \/>\n\t<meta property=\"og:image:height\" content=\"1440\" \/>\n\t<meta property=\"og:image:type\" content=\"image\/png\" \/>\n<meta name=\"twitter:card\" content=\"summary_large_image\" \/>\n<meta name=\"twitter:label1\" content=\"Est. reading time\" \/>\n\t<meta name=\"twitter:data1\" content=\"2 minutes\" \/>\n<script type=\"application\/ld+json\" class=\"yoast-schema-graph\">{\"@context\":\"https:\/\/schema.org\",\"@graph\":[{\"@type\":\"WebPage\",\"@id\":\"https:\/\/unavainaverde.com\/producto\/plan-de-ejecucion\/\",\"url\":\"https:\/\/unavainaverde.com\/producto\/plan-de-ejecucion\/\",\"name\":\"Plan de Ejecuci\u00f3n - Una Vaina Verde\",\"isPartOf\":{\"@id\":\"https:\/\/unavainaverde.com\/#website\"},\"primaryImageOfPage\":{\"@id\":\"https:\/\/unavainaverde.com\/producto\/plan-de-ejecucion\/#primaryimage\"},\"image\":{\"@id\":\"https:\/\/unavainaverde.com\/producto\/plan-de-ejecucion\/#primaryimage\"},\"thumbnailUrl\":\"https:\/\/unavainaverde.com\/wp-content\/uploads\/Plan-de-Ejecucion.png\",\"datePublished\":\"2024-09-23T06:54:43+00:00\",\"dateModified\":\"2025-02-11T02:38:43+00:00\",\"breadcrumb\":{\"@id\":\"https:\/\/unavainaverde.com\/producto\/plan-de-ejecucion\/#breadcrumb\"},\"inLanguage\":\"en-US\",\"potentialAction\":[{\"@type\":\"ReadAction\",\"target\":[\"https:\/\/unavainaverde.com\/producto\/plan-de-ejecucion\/\"]}]},{\"@type\":\"ImageObject\",\"inLanguage\":\"en-US\",\"@id\":\"https:\/\/unavainaverde.com\/producto\/plan-de-ejecucion\/#primaryimage\",\"url\":\"https:\/\/unavainaverde.com\/wp-content\/uploads\/Plan-de-Ejecucion.png\",\"contentUrl\":\"https:\/\/unavainaverde.com\/wp-content\/uploads\/Plan-de-Ejecucion.png\",\"width\":1920,\"height\":1440,\"caption\":\"Plan de Ejecuci\u00f3n\"},{\"@type\":\"BreadcrumbList\",\"@id\":\"https:\/\/unavainaverde.com\/producto\/plan-de-ejecucion\/#breadcrumb\",\"itemListElement\":[{\"@type\":\"ListItem\",\"position\":1,\"name\":\"Portada\",\"item\":\"https:\/\/unavainaverde.com\/\"},{\"@type\":\"ListItem\",\"position\":2,\"name\":\"Tienda\",\"item\":\"https:\/\/unavainaverde.com\/tienda\/\"},{\"@type\":\"ListItem\",\"position\":3,\"name\":\"Plan de Ejecuci\u00f3n\"}]},{\"@type\":\"WebSite\",\"@id\":\"https:\/\/unavainaverde.com\/#website\",\"url\":\"https:\/\/unavainaverde.com\/\",\"name\":\"Una Vaina Verde\",\"description\":\"Una Vaina Verde\",\"publisher\":{\"@id\":\"https:\/\/unavainaverde.com\/#organization\"},\"alternateName\":\"Una Vaina Verde\",\"potentialAction\":[{\"@type\":\"SearchAction\",\"target\":{\"@type\":\"EntryPoint\",\"urlTemplate\":\"https:\/\/unavainaverde.com\/?s={search_term_string}\"},\"query-input\":{\"@type\":\"PropertyValueSpecification\",\"valueRequired\":true,\"valueName\":\"search_term_string\"}}],\"inLanguage\":\"en-US\"},{\"@type\":\"Organization\",\"@id\":\"https:\/\/unavainaverde.com\/#organization\",\"name\":\"Una Vaina Verde\",\"alternateName\":\"Una Vaina Verde\",\"url\":\"https:\/\/unavainaverde.com\/\",\"logo\":{\"@type\":\"ImageObject\",\"inLanguage\":\"en-US\",\"@id\":\"https:\/\/unavainaverde.com\/#\/schema\/logo\/image\/\",\"url\":\"https:\/\/unavainaverde.com\/wp-content\/uploads\/Corito-Verde-2024.png\",\"contentUrl\":\"https:\/\/unavainaverde.com\/wp-content\/uploads\/Corito-Verde-2024.png\",\"width\":1080,\"height\":1080,\"caption\":\"Una Vaina Verde\"},\"image\":{\"@id\":\"https:\/\/unavainaverde.com\/#\/schema\/logo\/image\/\"},\"sameAs\":[\"https:\/\/www.facebook.com\/unavainaverde\/\"]}]}<\/script>\n<!-- \/ Yoast SEO plugin. -->","yoast_head_json":{"title":"Plan de Ejecuci\u00f3n - Una Vaina Verde","robots":{"index":"index","follow":"follow","max-snippet":"max-snippet:-1","max-image-preview":"max-image-preview:large","max-video-preview":"max-video-preview:-1"},"canonical":"https:\/\/unavainaverde.com\/en\/product\/plan-de-ejecucion\/","og_locale":"en_US","og_type":"article","og_title":"Plan de Ejecuci\u00f3n - Una Vaina Verde","og_description":"A implementar por UVV. Dise\u00f1o de sistemas in situ: precio seg\u00fan el alcance. An\u00e1lisis de materialidad: El an\u00e1lisis de materialidad es la base para saber qu\u00e9 tienes que gestionar internamente. Por esta raz\u00f3n te ayudamos a definir tus asuntos materiales para que el reporte y la gesti\u00f3n..","og_url":"https:\/\/unavainaverde.com\/en\/product\/plan-de-ejecucion\/","og_site_name":"Una Vaina Verde","article_publisher":"https:\/\/www.facebook.com\/unavainaverde\/","article_modified_time":"2025-02-11T02:38:43+00:00","og_image":[{"width":1920,"height":1440,"url":"https:\/\/unavainaverde.com\/wp-content\/uploads\/Plan-de-Ejecucion.png","type":"image\/png"}],"twitter_card":"summary_large_image","twitter_misc":{"Est. reading time":"2 minutes"},"schema":{"@context":"https:\/\/schema.org","@graph":[{"@type":"WebPage","@id":"https:\/\/unavainaverde.com\/producto\/plan-de-ejecucion\/","url":"https:\/\/unavainaverde.com\/producto\/plan-de-ejecucion\/","name":"Plan de Ejecuci\u00f3n - Una Vaina Verde","isPartOf":{"@id":"https:\/\/unavainaverde.com\/#website"},"primaryImageOfPage":{"@id":"https:\/\/unavainaverde.com\/producto\/plan-de-ejecucion\/#primaryimage"},"image":{"@id":"https:\/\/unavainaverde.com\/producto\/plan-de-ejecucion\/#primaryimage"},"thumbnailUrl":"https:\/\/unavainaverde.com\/wp-content\/uploads\/Plan-de-Ejecucion.png","datePublished":"2024-09-23T06:54:43+00:00","dateModified":"2025-02-11T02:38:43+00:00","breadcrumb":{"@id":"https:\/\/unavainaverde.com\/producto\/plan-de-ejecucion\/#breadcrumb"},"inLanguage":"en-US","potentialAction":[{"@type":"ReadAction","target":["https:\/\/unavainaverde.com\/producto\/plan-de-ejecucion\/"]}]},{"@type":"ImageObject","inLanguage":"en-US","@id":"https:\/\/unavainaverde.com\/producto\/plan-de-ejecucion\/#primaryimage","url":"https:\/\/unavainaverde.com\/wp-content\/uploads\/Plan-de-Ejecucion.png","contentUrl":"https:\/\/unavainaverde.com\/wp-content\/uploads\/Plan-de-Ejecucion.png","width":1920,"height":1440,"caption":"Plan de Ejecuci\u00f3n"},{"@type":"BreadcrumbList","@id":"https:\/\/unavainaverde.com\/producto\/plan-de-ejecucion\/#breadcrumb","itemListElement":[{"@type":"ListItem","position":1,"name":"Portada","item":"https:\/\/unavainaverde.com\/"},{"@type":"ListItem","position":2,"name":"Tienda","item":"https:\/\/unavainaverde.com\/tienda\/"},{"@type":"ListItem","position":3,"name":"Plan de Ejecuci\u00f3n"}]},{"@type":"WebSite","@id":"https:\/\/unavainaverde.com\/#website","url":"https:\/\/unavainaverde.com\/","name":"Una Vaina Verde","description":"Una Vaina Verde","publisher":{"@id":"https:\/\/unavainaverde.com\/#organization"},"alternateName":"Una Vaina Verde","potentialAction":[{"@type":"SearchAction","target":{"@type":"EntryPoint","urlTemplate":"https:\/\/unavainaverde.com\/?s={search_term_string}"},"query-input":{"@type":"PropertyValueSpecification","valueRequired":true,"valueName":"search_term_string"}}],"inLanguage":"en-US"},{"@type":"Organization","@id":"https:\/\/unavainaverde.com\/#organization","name":"Una Vaina Verde","alternateName":"Una Vaina Verde","url":"https:\/\/unavainaverde.com\/","logo":{"@type":"ImageObject","inLanguage":"en-US","@id":"https:\/\/unavainaverde.com\/#\/schema\/logo\/image\/","url":"https:\/\/unavainaverde.com\/wp-content\/uploads\/Corito-Verde-2024.png","contentUrl":"https:\/\/unavainaverde.com\/wp-content\/uploads\/Corito-Verde-2024.png","width":1080,"height":1080,"caption":"Una Vaina Verde"},"image":{"@id":"https:\/\/unavainaverde.com\/#\/schema\/logo\/image\/"},"sameAs":["https:\/\/www.facebook.com\/unavainaverde\/"]}]}},"_links":{"self":[{"href":"https:\/\/unavainaverde.com\/en\/wp-json\/wp\/v2\/product\/4218","targetHints":{"allow":["GET"]}}],"collection":[{"href":"https:\/\/unavainaverde.com\/en\/wp-json\/wp\/v2\/product"}],"about":[{"href":"https:\/\/unavainaverde.com\/en\/wp-json\/wp\/v2\/types\/product"}],"replies":[{"embeddable":true,"href":"https:\/\/unavainaverde.com\/en\/wp-json\/wp\/v2\/comments?post=4218"}],"wp:featuredmedia":[{"embeddable":true,"href":"https:\/\/unavainaverde.com\/en\/wp-json\/wp\/v2\/media\/4190"}],"wp:attachment":[{"href":"https:\/\/unavainaverde.com\/en\/wp-json\/wp\/v2\/media?parent=4218"}],"wp:term":[{"taxonomy":"product_brand","embeddable":true,"href":"https:\/\/unavainaverde.com\/en\/wp-json\/wp\/v2\/product_brand?post=4218"},{"taxonomy":"product_cat","embeddable":true,"href":"https:\/\/unavainaverde.com\/en\/wp-json\/wp\/v2\/product_cat?post=4218"},{"taxonomy":"product_tag","embeddable":true,"href":"https:\/\/unavainaverde.com\/en\/wp-json\/wp\/v2\/product_tag?post=4218"}],"curies":[{"name":"wp","href":"https:\/\/api.w.org\/{rel}","templated":true}]}}