{"id":4210,"date":"2024-09-23T02:45:03","date_gmt":"2024-09-23T06:45:03","guid":{"rendered":"https:\/\/unavainaverde.com\/?post_type=product&#038;p=4210"},"modified":"2025-01-28T18:47:06","modified_gmt":"2025-01-28T22:47:06","slug":"talleres-teorico-practicos","status":"publish","type":"product","link":"https:\/\/unavainaverde.com\/en\/product\/talleres-teorico-practicos\/","title":{"rendered":"Talleres Te\u00f3rico-Pr\u00e1cticos"},"content":{"rendered":"<p>Las personas participantes estar\u00e1n en capacidad de identificar la importancia del tema tratado y conocer\u00e1n de forma pr\u00e1ctica, diferentes acciones puntuales que tendr\u00e1n a su alcance para reducir su huella ecol\u00f3gica y sus chelitos, aplicando cambios en sus h\u00e1bitos.<\/p>\n<p>Cada taller es para un m\u00e1ximo de 35 personas y tiene una duraci\u00f3n de cuatro (4) horas, incluyendo un breve receso intermedio entre el bloque te\u00f3rico y pr\u00e1ctico.<\/p>","protected":false},"excerpt":{"rendered":"<p>Nuestros talleres cuentan con dos bloques, uno te\u00f3rico y otro pr\u00e1ctico, para garantizar que los participantes primero entiendan el por qu\u00e9 de las cosas, y despu\u00e9s confirmen el aprendizaje a trav\u00e9s nuestra metodolog\u00eda favorita, poniendo mano o Learning by doing.<\/p>","protected":false},"featured_media":4204,"comment_status":"open","ping_status":"closed","template":"","meta":{"_acf_changed":false,"_price":"82500","_stock":null,"_tribe_ticket_header":"","_tribe_default_ticket_provider":"","_tribe_ticket_capacity":"0","_ticket_start_date":"","_ticket_end_date":"","_tribe_ticket_show_description":"","_tribe_ticket_show_not_going":false,"_tribe_ticket_use_global_stock":"","_tribe_ticket_global_stock_level":"","_global_stock_mode":"","_global_stock_cap":"","_tribe_rsvp_for_event":"","_tribe_ticket_going_count":"","_tribe_ticket_not_going_count":"","_tribe_tickets_list":"[]","_tribe_ticket_has_attendee_info_fields":false,"_tec_slr_enabled":"","_tec_slr_layout":""},"product_brand":[],"product_cat":[32],"product_tag":[],"class_list":{"0":"post-4210","1":"product","2":"type-product","3":"status-publish","4":"has-post-thumbnail","6":"product_cat-educacion","8":"first","9":"instock","10":"purchasable","11":"product-type-variable","12":"add-to-wishlist-after_add_to_cart"},"acf":[],"yoast_head":"<!-- This site is optimized with the Yoast SEO plugin v25.5 - https:\/\/yoast.com\/wordpress\/plugins\/seo\/ -->\n<title>Talleres Te\u00f3rico-Pr\u00e1cticos - Una Vaina Verde<\/title>\n<meta name=\"robots\" content=\"index, follow, max-snippet:-1, max-image-preview:large, max-video-preview:-1\" \/>\n<link rel=\"canonical\" href=\"https:\/\/unavainaverde.com\/en\/product\/talleres-teorico-practicos\/\" \/>\n<meta property=\"og:locale\" content=\"en_US\" \/>\n<meta property=\"og:type\" content=\"article\" \/>\n<meta property=\"og:title\" content=\"Talleres Te\u00f3rico-Pr\u00e1cticos - Una Vaina Verde\" \/>\n<meta property=\"og:description\" content=\"Nuestros talleres cuentan con dos bloques, uno te\u00f3rico y otro pr\u00e1ctico, para garantizar que los participantes primero entiendan el por qu\u00e9 de las cosas, y despu\u00e9s confirmen el aprendizaje a trav\u00e9s nuestra metodolog\u00eda favorita, poniendo mano o Learning by doing.\" \/>\n<meta property=\"og:url\" content=\"https:\/\/unavainaverde.com\/en\/product\/talleres-teorico-practicos\/\" \/>\n<meta property=\"og:site_name\" content=\"Una Vaina Verde\" \/>\n<meta property=\"article:publisher\" content=\"https:\/\/www.facebook.com\/unavainaverde\/\" \/>\n<meta property=\"article:modified_time\" content=\"2025-01-28T22:47:06+00:00\" \/>\n<meta property=\"og:image\" content=\"https:\/\/unavainaverde.com\/wp-content\/uploads\/Talleres-teorico-practicos.jpeg\" \/>\n\t<meta property=\"og:image:width\" content=\"1440\" \/>\n\t<meta property=\"og:image:height\" content=\"1440\" \/>\n\t<meta property=\"og:image:type\" content=\"image\/jpeg\" \/>\n<meta name=\"twitter:card\" content=\"summary_large_image\" \/>\n<meta name=\"twitter:label1\" content=\"Est. reading time\" \/>\n\t<meta name=\"twitter:data1\" content=\"1 minute\" \/>\n<script type=\"application\/ld+json\" class=\"yoast-schema-graph\">{\"@context\":\"https:\/\/schema.org\",\"@graph\":[{\"@type\":\"WebPage\",\"@id\":\"https:\/\/unavainaverde.com\/producto\/talleres-teorico-practicos\/\",\"url\":\"https:\/\/unavainaverde.com\/producto\/talleres-teorico-practicos\/\",\"name\":\"Talleres Te\u00f3rico-Pr\u00e1cticos - Una Vaina Verde\",\"isPartOf\":{\"@id\":\"https:\/\/unavainaverde.com\/#website\"},\"primaryImageOfPage\":{\"@id\":\"https:\/\/unavainaverde.com\/producto\/talleres-teorico-practicos\/#primaryimage\"},\"image\":{\"@id\":\"https:\/\/unavainaverde.com\/producto\/talleres-teorico-practicos\/#primaryimage\"},\"thumbnailUrl\":\"https:\/\/unavainaverde.com\/wp-content\/uploads\/Talleres-teorico-practicos.jpeg\",\"datePublished\":\"2024-09-23T06:45:03+00:00\",\"dateModified\":\"2025-01-28T22:47:06+00:00\",\"breadcrumb\":{\"@id\":\"https:\/\/unavainaverde.com\/producto\/talleres-teorico-practicos\/#breadcrumb\"},\"inLanguage\":\"en-US\",\"potentialAction\":[{\"@type\":\"ReadAction\",\"target\":[\"https:\/\/unavainaverde.com\/producto\/talleres-teorico-practicos\/\"]}]},{\"@type\":\"ImageObject\",\"inLanguage\":\"en-US\",\"@id\":\"https:\/\/unavainaverde.com\/producto\/talleres-teorico-practicos\/#primaryimage\",\"url\":\"https:\/\/unavainaverde.com\/wp-content\/uploads\/Talleres-teorico-practicos.jpeg\",\"contentUrl\":\"https:\/\/unavainaverde.com\/wp-content\/uploads\/Talleres-teorico-practicos.jpeg\",\"width\":1440,\"height\":1440,\"caption\":\"Talleres te\u00f3rico-pr\u00e1cticos\"},{\"@type\":\"BreadcrumbList\",\"@id\":\"https:\/\/unavainaverde.com\/producto\/talleres-teorico-practicos\/#breadcrumb\",\"itemListElement\":[{\"@type\":\"ListItem\",\"position\":1,\"name\":\"Portada\",\"item\":\"https:\/\/unavainaverde.com\/\"},{\"@type\":\"ListItem\",\"position\":2,\"name\":\"Tienda\",\"item\":\"https:\/\/unavainaverde.com\/tienda\/\"},{\"@type\":\"ListItem\",\"position\":3,\"name\":\"Talleres Te\u00f3rico-Pr\u00e1cticos\"}]},{\"@type\":\"WebSite\",\"@id\":\"https:\/\/unavainaverde.com\/#website\",\"url\":\"https:\/\/unavainaverde.com\/\",\"name\":\"Una Vaina Verde\",\"description\":\"Una Vaina Verde\",\"publisher\":{\"@id\":\"https:\/\/unavainaverde.com\/#organization\"},\"alternateName\":\"Una Vaina Verde\",\"potentialAction\":[{\"@type\":\"SearchAction\",\"target\":{\"@type\":\"EntryPoint\",\"urlTemplate\":\"https:\/\/unavainaverde.com\/?s={search_term_string}\"},\"query-input\":{\"@type\":\"PropertyValueSpecification\",\"valueRequired\":true,\"valueName\":\"search_term_string\"}}],\"inLanguage\":\"en-US\"},{\"@type\":\"Organization\",\"@id\":\"https:\/\/unavainaverde.com\/#organization\",\"name\":\"Una Vaina Verde\",\"alternateName\":\"Una Vaina Verde\",\"url\":\"https:\/\/unavainaverde.com\/\",\"logo\":{\"@type\":\"ImageObject\",\"inLanguage\":\"en-US\",\"@id\":\"https:\/\/unavainaverde.com\/#\/schema\/logo\/image\/\",\"url\":\"https:\/\/unavainaverde.com\/wp-content\/uploads\/Corito-Verde-2024.png\",\"contentUrl\":\"https:\/\/unavainaverde.com\/wp-content\/uploads\/Corito-Verde-2024.png\",\"width\":1080,\"height\":1080,\"caption\":\"Una Vaina Verde\"},\"image\":{\"@id\":\"https:\/\/unavainaverde.com\/#\/schema\/logo\/image\/\"},\"sameAs\":[\"https:\/\/www.facebook.com\/unavainaverde\/\"]}]}<\/script>\n<!-- \/ Yoast SEO plugin. -->","yoast_head_json":{"title":"Talleres Te\u00f3rico-Pr\u00e1cticos - Una Vaina Verde","robots":{"index":"index","follow":"follow","max-snippet":"max-snippet:-1","max-image-preview":"max-image-preview:large","max-video-preview":"max-video-preview:-1"},"canonical":"https:\/\/unavainaverde.com\/en\/product\/talleres-teorico-practicos\/","og_locale":"en_US","og_type":"article","og_title":"Talleres Te\u00f3rico-Pr\u00e1cticos - Una Vaina Verde","og_description":"Nuestros talleres cuentan con dos bloques, uno te\u00f3rico y otro pr\u00e1ctico, para garantizar que los participantes primero entiendan el por qu\u00e9 de las cosas, y despu\u00e9s confirmen el aprendizaje a trav\u00e9s nuestra metodolog\u00eda favorita, poniendo mano o Learning by doing.","og_url":"https:\/\/unavainaverde.com\/en\/product\/talleres-teorico-practicos\/","og_site_name":"Una Vaina Verde","article_publisher":"https:\/\/www.facebook.com\/unavainaverde\/","article_modified_time":"2025-01-28T22:47:06+00:00","og_image":[{"width":1440,"height":1440,"url":"https:\/\/unavainaverde.com\/wp-content\/uploads\/Talleres-teorico-practicos.jpeg","type":"image\/jpeg"}],"twitter_card":"summary_large_image","twitter_misc":{"Est. reading time":"1 minute"},"schema":{"@context":"https:\/\/schema.org","@graph":[{"@type":"WebPage","@id":"https:\/\/unavainaverde.com\/producto\/talleres-teorico-practicos\/","url":"https:\/\/unavainaverde.com\/producto\/talleres-teorico-practicos\/","name":"Talleres Te\u00f3rico-Pr\u00e1cticos - Una Vaina Verde","isPartOf":{"@id":"https:\/\/unavainaverde.com\/#website"},"primaryImageOfPage":{"@id":"https:\/\/unavainaverde.com\/producto\/talleres-teorico-practicos\/#primaryimage"},"image":{"@id":"https:\/\/unavainaverde.com\/producto\/talleres-teorico-practicos\/#primaryimage"},"thumbnailUrl":"https:\/\/unavainaverde.com\/wp-content\/uploads\/Talleres-teorico-practicos.jpeg","datePublished":"2024-09-23T06:45:03+00:00","dateModified":"2025-01-28T22:47:06+00:00","breadcrumb":{"@id":"https:\/\/unavainaverde.com\/producto\/talleres-teorico-practicos\/#breadcrumb"},"inLanguage":"en-US","potentialAction":[{"@type":"ReadAction","target":["https:\/\/unavainaverde.com\/producto\/talleres-teorico-practicos\/"]}]},{"@type":"ImageObject","inLanguage":"en-US","@id":"https:\/\/unavainaverde.com\/producto\/talleres-teorico-practicos\/#primaryimage","url":"https:\/\/unavainaverde.com\/wp-content\/uploads\/Talleres-teorico-practicos.jpeg","contentUrl":"https:\/\/unavainaverde.com\/wp-content\/uploads\/Talleres-teorico-practicos.jpeg","width":1440,"height":1440,"caption":"Talleres te\u00f3rico-pr\u00e1cticos"},{"@type":"BreadcrumbList","@id":"https:\/\/unavainaverde.com\/producto\/talleres-teorico-practicos\/#breadcrumb","itemListElement":[{"@type":"ListItem","position":1,"name":"Portada","item":"https:\/\/unavainaverde.com\/"},{"@type":"ListItem","position":2,"name":"Tienda","item":"https:\/\/unavainaverde.com\/tienda\/"},{"@type":"ListItem","position":3,"name":"Talleres Te\u00f3rico-Pr\u00e1cticos"}]},{"@type":"WebSite","@id":"https:\/\/unavainaverde.com\/#website","url":"https:\/\/unavainaverde.com\/","name":"Una Vaina Verde","description":"Una Vaina Verde","publisher":{"@id":"https:\/\/unavainaverde.com\/#organization"},"alternateName":"Una Vaina Verde","potentialAction":[{"@type":"SearchAction","target":{"@type":"EntryPoint","urlTemplate":"https:\/\/unavainaverde.com\/?s={search_term_string}"},"query-input":{"@type":"PropertyValueSpecification","valueRequired":true,"valueName":"search_term_string"}}],"inLanguage":"en-US"},{"@type":"Organization","@id":"https:\/\/unavainaverde.com\/#organization","name":"Una Vaina Verde","alternateName":"Una Vaina Verde","url":"https:\/\/unavainaverde.com\/","logo":{"@type":"ImageObject","inLanguage":"en-US","@id":"https:\/\/unavainaverde.com\/#\/schema\/logo\/image\/","url":"https:\/\/unavainaverde.com\/wp-content\/uploads\/Corito-Verde-2024.png","contentUrl":"https:\/\/unavainaverde.com\/wp-content\/uploads\/Corito-Verde-2024.png","width":1080,"height":1080,"caption":"Una Vaina Verde"},"image":{"@id":"https:\/\/unavainaverde.com\/#\/schema\/logo\/image\/"},"sameAs":["https:\/\/www.facebook.com\/unavainaverde\/"]}]}},"_links":{"self":[{"href":"https:\/\/unavainaverde.com\/en\/wp-json\/wp\/v2\/product\/4210","targetHints":{"allow":["GET"]}}],"collection":[{"href":"https:\/\/unavainaverde.com\/en\/wp-json\/wp\/v2\/product"}],"about":[{"href":"https:\/\/unavainaverde.com\/en\/wp-json\/wp\/v2\/types\/product"}],"replies":[{"embeddable":true,"href":"https:\/\/unavainaverde.com\/en\/wp-json\/wp\/v2\/comments?post=4210"}],"wp:featuredmedia":[{"embeddable":true,"href":"https:\/\/unavainaverde.com\/en\/wp-json\/wp\/v2\/media\/4204"}],"wp:attachment":[{"href":"https:\/\/unavainaverde.com\/en\/wp-json\/wp\/v2\/media?parent=4210"}],"wp:term":[{"taxonomy":"product_brand","embeddable":true,"href":"https:\/\/unavainaverde.com\/en\/wp-json\/wp\/v2\/product_brand?post=4210"},{"taxonomy":"product_cat","embeddable":true,"href":"https:\/\/unavainaverde.com\/en\/wp-json\/wp\/v2\/product_cat?post=4210"},{"taxonomy":"product_tag","embeddable":true,"href":"https:\/\/unavainaverde.com\/en\/wp-json\/wp\/v2\/product_tag?post=4210"}],"curies":[{"name":"wp","href":"https:\/\/api.w.org\/{rel}","templated":true}]}}