{"id":651,"date":"2024-06-17T11:28:09","date_gmt":"2024-06-17T15:28:09","guid":{"rendered":"https:\/\/unavainaverde.com\/?page_id=651"},"modified":"2025-01-28T20:36:26","modified_gmt":"2025-01-29T00:36:26","slug":"politica-de-envios","status":"publish","type":"page","link":"https:\/\/unavainaverde.com\/en\/politica-de-envios\/","title":{"rendered":"Pol\u00edtica de Env\u00edos"},"content":{"rendered":"<p>Gracias por preferir Una Vaina Verde, nos encargamos de que recibas tu productos de la manera m\u00e1s sostenible posible. Detallamos a continuaci\u00f3n nuestras pol\u00edticas de env\u00edos:<\/p>\n\n\n\n<ul class=\"wp-block-list\">\n<li>Los env\u00edos de \u00abpre-order\u00bb se enviar\u00e1n una vez est\u00e9n de vuelta en inventario con el entrega m\u00e9todo de entrega elegido. Esto puede tomar m\u00e1s o menos tiempo del inidicado en la fecha estimada dentro de la p\u00e1gina del producto. Puedes cancelar en cualquier momento.<\/li>\n\n\n\n<li>Los pedidos realizados a trav\u00e9s de unavainaverde.com ser\u00e1n procesados al instante y enviados en el pr\u00f3ximo d\u00eda de despacho. Los d\u00edas de env\u00edos son los Lunes y Jueves en horario de Ma\u00f1ana: 8:30-10:00, 10:00-12:00 \/ Tarde: 1:00-3:30 para Santo Domingo, Distrito Nacional.<\/li>\n\n\n\n<li>Las piezas llegar\u00e1n de 2 a 5 d\u00edas laborales, a excepci\u00f3n de d\u00edas festivos.<\/li>\n\n\n\n<li>Los env\u00edos al Interior se hacen para: B\u00e1varo, Boca Chica, Cap Cana, Bayahibe, Hig\u00fcey, Juan Dolio, La Romana, Punta Cana, San Pedro de Macor\u00eds, Bonao, Constanza, La Vega, Moca, Santiago, San Francisco de Macor\u00eds, Tenares, Cabarete, Cabrera, Gaspar Hern\u00e1ndez, Nagua, Puerto Plata, Rio San Juan, Saman\u00e1, S\u00e1nchez, Sos\u00faa, Santiago Rodr\u00edguez. Son enviados todos los mi\u00e9rcoles o los d\u00edas que hayan \u00f3rdenes en horario de 9:00 am a 12:00 pm.<\/li>\n\n\n\n<li>Los env\u00edos al interior se hacen por Metro Pac o Caribe Express y se le notificar\u00e1 al cliente cuando est\u00e9 listo para recoger.<\/li>\n\n\n\n<li>Una vez realizado el pedido, no est\u00e1 permitido realizar un cambio a la direcci\u00f3n de env\u00edo.<\/li>\n\n\n\n<li>El d\u00eda de entrega puede variar dependiendo de su lugar de residencia.<\/li>\n\n\n\n<li>Los pedidos son empacados como regalo.<\/li>\n\n\n\n<li>Si el pedido se fuese a retrasar un miembro del equipo le contactar\u00e1 directamente. Si tiene una orden procesada, le pedimos estar pendiente a su informaci\u00f3n de contacto pues nuestro piloto le puede contactar para informarle que est\u00e1 en camino, y un miembro del equipo de Una Vaina Verde para confirmar la recepci\u00f3n.<\/li>\n\n\n\n<li>Su pedido llegar\u00e1 debidamente sellado para mayor seguridad. El piloto le pedir\u00e1 que firme con nombre como un acuse de recibo.<\/li>\n\n\n\n<li>Los env\u00edos tienen un costo dependiendo de la zona.<\/li>\n\n\n\n<li>Acceda a nuestras pol\u00edticas de cambios y garant\u00edas en el caso de necesitar hacer un cambio puntual, los cambios est\u00e1s sujetos a disponibilidad.<\/li>\n<\/ul>","protected":false},"excerpt":{"rendered":"<p>Gracias por preferir Una Vaina Verde, nos encargamos de que recibas tu productos de la manera m\u00e1s sostenible posible. Detallamos a continuaci\u00f3n nuestras pol\u00edticas de env\u00edos:<\/p>","protected":false},"author":1,"featured_media":8066,"parent":0,"menu_order":25,"comment_status":"closed","ping_status":"closed","template":"","meta":{"_acf_changed":false,"_price":"","_stock":"","_tribe_ticket_header":"","_tribe_default_ticket_provider":"","_tribe_ticket_capacity":"0","_ticket_start_date":"","_ticket_end_date":"","_tribe_ticket_show_description":"","_tribe_ticket_show_not_going":false,"_tribe_ticket_use_global_stock":"","_tribe_ticket_global_stock_level":"","_global_stock_mode":"","_global_stock_cap":"","_tribe_rsvp_for_event":"","_tribe_ticket_going_count":"","_tribe_ticket_not_going_count":"","_tribe_tickets_list":"[]","_tribe_ticket_has_attendee_info_fields":false,"footnotes":""},"class_list":["post-651","page","type-page","status-publish","has-post-thumbnail","hentry"],"acf":[],"yoast_head":"<!-- This site is optimized with the Yoast SEO plugin v25.5 - https:\/\/yoast.com\/wordpress\/plugins\/seo\/ -->\n<title>Pol\u00edtica de Env\u00edos - Una Vaina Verde<\/title>\n<meta name=\"description\" content=\"Somos una empresa social compuesta por consultores y educadores en sostenibilidad con pasio\u0301n por los negocios y el desarrollo sostenible.\" \/>\n<meta name=\"robots\" content=\"index, follow, max-snippet:-1, max-image-preview:large, max-video-preview:-1\" \/>\n<link rel=\"canonical\" href=\"https:\/\/unavainaverde.com\/en\/politica-de-envios\/\" \/>\n<meta property=\"og:locale\" content=\"en_US\" \/>\n<meta property=\"og:type\" content=\"article\" \/>\n<meta property=\"og:title\" content=\"Pol\u00edtica de Env\u00edos - Una Vaina Verde\" \/>\n<meta property=\"og:description\" content=\"Somos una empresa social compuesta por consultores y educadores en sostenibilidad con pasio\u0301n por los negocios y el desarrollo sostenible.\" \/>\n<meta property=\"og:url\" content=\"https:\/\/unavainaverde.com\/en\/politica-de-envios\/\" \/>\n<meta property=\"og:site_name\" content=\"Una Vaina Verde\" \/>\n<meta property=\"article:publisher\" content=\"https:\/\/www.facebook.com\/unavainaverde\/\" \/>\n<meta property=\"article:modified_time\" content=\"2025-01-29T00:36:26+00:00\" \/>\n<meta property=\"og:image\" content=\"https:\/\/unavainaverde.com\/wp-content\/uploads\/port-UVV.jpg\" \/>\n\t<meta property=\"og:image:width\" content=\"1280\" \/>\n\t<meta property=\"og:image:height\" content=\"1280\" \/>\n\t<meta property=\"og:image:type\" content=\"image\/jpeg\" \/>\n<meta name=\"twitter:card\" content=\"summary_large_image\" \/>\n<meta name=\"twitter:label1\" content=\"Est. reading time\" \/>\n\t<meta name=\"twitter:data1\" content=\"2 minutes\" \/>\n<script type=\"application\/ld+json\" class=\"yoast-schema-graph\">{\"@context\":\"https:\/\/schema.org\",\"@graph\":[{\"@type\":\"WebPage\",\"@id\":\"https:\/\/unavainaverde.com\/politica-de-envios\/\",\"url\":\"https:\/\/unavainaverde.com\/politica-de-envios\/\",\"name\":\"Pol\u00edtica de Env\u00edos - Una Vaina Verde\",\"isPartOf\":{\"@id\":\"https:\/\/unavainaverde.com\/#website\"},\"primaryImageOfPage\":{\"@id\":\"https:\/\/unavainaverde.com\/politica-de-envios\/#primaryimage\"},\"image\":{\"@id\":\"https:\/\/unavainaverde.com\/politica-de-envios\/#primaryimage\"},\"thumbnailUrl\":\"https:\/\/unavainaverde.com\/wp-content\/uploads\/port-UVV.jpg\",\"datePublished\":\"2024-06-17T15:28:09+00:00\",\"dateModified\":\"2025-01-29T00:36:26+00:00\",\"description\":\"Somos una empresa social compuesta por consultores y educadores en sostenibilidad con pasio\u0301n por los negocios y el desarrollo sostenible.\",\"breadcrumb\":{\"@id\":\"https:\/\/unavainaverde.com\/politica-de-envios\/#breadcrumb\"},\"inLanguage\":\"en-US\",\"potentialAction\":[{\"@type\":\"ReadAction\",\"target\":[\"https:\/\/unavainaverde.com\/politica-de-envios\/\"]}]},{\"@type\":\"ImageObject\",\"inLanguage\":\"en-US\",\"@id\":\"https:\/\/unavainaverde.com\/politica-de-envios\/#primaryimage\",\"url\":\"https:\/\/unavainaverde.com\/wp-content\/uploads\/port-UVV.jpg\",\"contentUrl\":\"https:\/\/unavainaverde.com\/wp-content\/uploads\/port-UVV.jpg\",\"width\":1280,\"height\":1280,\"caption\":\"Una Vaina Verde\"},{\"@type\":\"BreadcrumbList\",\"@id\":\"https:\/\/unavainaverde.com\/politica-de-envios\/#breadcrumb\",\"itemListElement\":[{\"@type\":\"ListItem\",\"position\":1,\"name\":\"Portada\",\"item\":\"https:\/\/unavainaverde.com\/\"},{\"@type\":\"ListItem\",\"position\":2,\"name\":\"Pol\u00edtica de Env\u00edos\"}]},{\"@type\":\"WebSite\",\"@id\":\"https:\/\/unavainaverde.com\/#website\",\"url\":\"https:\/\/unavainaverde.com\/\",\"name\":\"Una Vaina Verde\",\"description\":\"Una Vaina Verde\",\"publisher\":{\"@id\":\"https:\/\/unavainaverde.com\/#organization\"},\"alternateName\":\"Una Vaina Verde\",\"potentialAction\":[{\"@type\":\"SearchAction\",\"target\":{\"@type\":\"EntryPoint\",\"urlTemplate\":\"https:\/\/unavainaverde.com\/?s={search_term_string}\"},\"query-input\":{\"@type\":\"PropertyValueSpecification\",\"valueRequired\":true,\"valueName\":\"search_term_string\"}}],\"inLanguage\":\"en-US\"},{\"@type\":\"Organization\",\"@id\":\"https:\/\/unavainaverde.com\/#organization\",\"name\":\"Una Vaina Verde\",\"alternateName\":\"Una Vaina Verde\",\"url\":\"https:\/\/unavainaverde.com\/\",\"logo\":{\"@type\":\"ImageObject\",\"inLanguage\":\"en-US\",\"@id\":\"https:\/\/unavainaverde.com\/#\/schema\/logo\/image\/\",\"url\":\"https:\/\/unavainaverde.com\/wp-content\/uploads\/Corito-Verde-2024.png\",\"contentUrl\":\"https:\/\/unavainaverde.com\/wp-content\/uploads\/Corito-Verde-2024.png\",\"width\":1080,\"height\":1080,\"caption\":\"Una Vaina Verde\"},\"image\":{\"@id\":\"https:\/\/unavainaverde.com\/#\/schema\/logo\/image\/\"},\"sameAs\":[\"https:\/\/www.facebook.com\/unavainaverde\/\"]}]}<\/script>\n<!-- \/ Yoast SEO plugin. -->","yoast_head_json":{"title":"Pol\u00edtica de Env\u00edos - Una Vaina Verde","description":"Somos una empresa social compuesta por consultores y educadores en sostenibilidad con pasio\u0301n por los negocios y el desarrollo sostenible.","robots":{"index":"index","follow":"follow","max-snippet":"max-snippet:-1","max-image-preview":"max-image-preview:large","max-video-preview":"max-video-preview:-1"},"canonical":"https:\/\/unavainaverde.com\/en\/politica-de-envios\/","og_locale":"en_US","og_type":"article","og_title":"Pol\u00edtica de Env\u00edos - Una Vaina Verde","og_description":"Somos una empresa social compuesta por consultores y educadores en sostenibilidad con pasio\u0301n por los negocios y el desarrollo sostenible.","og_url":"https:\/\/unavainaverde.com\/en\/politica-de-envios\/","og_site_name":"Una Vaina Verde","article_publisher":"https:\/\/www.facebook.com\/unavainaverde\/","article_modified_time":"2025-01-29T00:36:26+00:00","og_image":[{"width":1280,"height":1280,"url":"https:\/\/unavainaverde.com\/wp-content\/uploads\/port-UVV.jpg","type":"image\/jpeg"}],"twitter_card":"summary_large_image","twitter_misc":{"Est. reading time":"2 minutes"},"schema":{"@context":"https:\/\/schema.org","@graph":[{"@type":"WebPage","@id":"https:\/\/unavainaverde.com\/politica-de-envios\/","url":"https:\/\/unavainaverde.com\/politica-de-envios\/","name":"Pol\u00edtica de Env\u00edos - Una Vaina Verde","isPartOf":{"@id":"https:\/\/unavainaverde.com\/#website"},"primaryImageOfPage":{"@id":"https:\/\/unavainaverde.com\/politica-de-envios\/#primaryimage"},"image":{"@id":"https:\/\/unavainaverde.com\/politica-de-envios\/#primaryimage"},"thumbnailUrl":"https:\/\/unavainaverde.com\/wp-content\/uploads\/port-UVV.jpg","datePublished":"2024-06-17T15:28:09+00:00","dateModified":"2025-01-29T00:36:26+00:00","description":"Somos una empresa social compuesta por consultores y educadores en sostenibilidad con pasio\u0301n por los negocios y el desarrollo sostenible.","breadcrumb":{"@id":"https:\/\/unavainaverde.com\/politica-de-envios\/#breadcrumb"},"inLanguage":"en-US","potentialAction":[{"@type":"ReadAction","target":["https:\/\/unavainaverde.com\/politica-de-envios\/"]}]},{"@type":"ImageObject","inLanguage":"en-US","@id":"https:\/\/unavainaverde.com\/politica-de-envios\/#primaryimage","url":"https:\/\/unavainaverde.com\/wp-content\/uploads\/port-UVV.jpg","contentUrl":"https:\/\/unavainaverde.com\/wp-content\/uploads\/port-UVV.jpg","width":1280,"height":1280,"caption":"Una Vaina Verde"},{"@type":"BreadcrumbList","@id":"https:\/\/unavainaverde.com\/politica-de-envios\/#breadcrumb","itemListElement":[{"@type":"ListItem","position":1,"name":"Portada","item":"https:\/\/unavainaverde.com\/"},{"@type":"ListItem","position":2,"name":"Pol\u00edtica de Env\u00edos"}]},{"@type":"WebSite","@id":"https:\/\/unavainaverde.com\/#website","url":"https:\/\/unavainaverde.com\/","name":"Una Vaina Verde","description":"Una Vaina Verde","publisher":{"@id":"https:\/\/unavainaverde.com\/#organization"},"alternateName":"Una Vaina Verde","potentialAction":[{"@type":"SearchAction","target":{"@type":"EntryPoint","urlTemplate":"https:\/\/unavainaverde.com\/?s={search_term_string}"},"query-input":{"@type":"PropertyValueSpecification","valueRequired":true,"valueName":"search_term_string"}}],"inLanguage":"en-US"},{"@type":"Organization","@id":"https:\/\/unavainaverde.com\/#organization","name":"Una Vaina Verde","alternateName":"Una Vaina Verde","url":"https:\/\/unavainaverde.com\/","logo":{"@type":"ImageObject","inLanguage":"en-US","@id":"https:\/\/unavainaverde.com\/#\/schema\/logo\/image\/","url":"https:\/\/unavainaverde.com\/wp-content\/uploads\/Corito-Verde-2024.png","contentUrl":"https:\/\/unavainaverde.com\/wp-content\/uploads\/Corito-Verde-2024.png","width":1080,"height":1080,"caption":"Una Vaina Verde"},"image":{"@id":"https:\/\/unavainaverde.com\/#\/schema\/logo\/image\/"},"sameAs":["https:\/\/www.facebook.com\/unavainaverde\/"]}]}},"_links":{"self":[{"href":"https:\/\/unavainaverde.com\/en\/wp-json\/wp\/v2\/pages\/651","targetHints":{"allow":["GET"]}}],"collection":[{"href":"https:\/\/unavainaverde.com\/en\/wp-json\/wp\/v2\/pages"}],"about":[{"href":"https:\/\/unavainaverde.com\/en\/wp-json\/wp\/v2\/types\/page"}],"author":[{"embeddable":true,"href":"https:\/\/unavainaverde.com\/en\/wp-json\/wp\/v2\/users\/1"}],"replies":[{"embeddable":true,"href":"https:\/\/unavainaverde.com\/en\/wp-json\/wp\/v2\/comments?post=651"}],"version-history":[{"count":1,"href":"https:\/\/unavainaverde.com\/en\/wp-json\/wp\/v2\/pages\/651\/revisions"}],"predecessor-version":[{"id":655,"href":"https:\/\/unavainaverde.com\/en\/wp-json\/wp\/v2\/pages\/651\/revisions\/655"}],"wp:featuredmedia":[{"embeddable":true,"href":"https:\/\/unavainaverde.com\/en\/wp-json\/wp\/v2\/media\/8066"}],"wp:attachment":[{"href":"https:\/\/unavainaverde.com\/en\/wp-json\/wp\/v2\/media?parent=651"}],"curies":[{"name":"wp","href":"https:\/\/api.w.org\/{rel}","templated":true}]}}