{"id":647,"date":"2024-06-17T11:22:24","date_gmt":"2024-06-17T15:22:24","guid":{"rendered":"https:\/\/unavainaverde.com\/?page_id=647"},"modified":"2025-01-28T20:34:41","modified_gmt":"2025-01-29T00:34:41","slug":"terminos-y-condiciones","status":"publish","type":"page","link":"https:\/\/unavainaverde.com\/en\/terminos-y-condiciones\/","title":{"rendered":"T\u00e9rminos y Condiciones"},"content":{"rendered":"<p><strong>Propiedad Industrial e Intelectual y otros derechos.&nbsp;<\/strong><\/p>\n\n\n\n<p>2.1 Todos los contenidos de propiedad intelectual en la Web (nombres, logos, marcas, patentes, dise\u00f1os, textos, software, im\u00e1genes, marketing y branding, creaciones y bases de datos) est\u00e1n sujetos a derechos de propiedad civil, comercial, industrial e intelectual de la empresa o terceros, y no implican ning\u00fan tipo de licencia o cesi\u00f3n para su uso comercial sin autorizaci\u00f3n escrita de la empresa.&nbsp; En ning\u00fan caso el acceso a la Web implica ning\u00fan tipo de renuncia, retransmisi\u00f3n, cesi\u00f3n total o parcial, licencia o permiso de uso comercial de los mencionados derechos, ni confiere ning\u00fan derecho de utilizaci\u00f3n, alteraci\u00f3n, transformaci\u00f3n, reproducci\u00f3n, distribuci\u00f3n, comunicaci\u00f3n p\u00fablica o cualquier otro tipo de explotaci\u00f3n sobre los contenidos y derechos de propiedad intelectual e industrial, sin la previa y expresa autorizaci\u00f3n espec\u00edficamente otorgada a tal efecto y por escrito por parte de la empresa, y de acuerdo con los principios de buena fe.<\/p>\n\n\n\n<p>2.2 Si alg\u00fan contenido en la Web vulnera derechos de propiedad intelectual de terceros, los usuarios pueden informar a la empresa para evitar el uso ilegal.<\/p>\n\n\n\n<p>2.3 La empresa no otorga derecho de propiedad sobre el software ni otros derechos de propiedad intelectual; los usuarios deben respetar estos derechos. Al usar los servicios de la Web o acceder a las informaciones de esta y productos brindados, los usuarios y\/o clientes no est\u00e1n autorizados al uso ilegal y no autorizado que pudiese resultar en violaciones legales.<\/p>\n\n\n\n<p><strong>Condici\u00f3n de consentimiento.&nbsp;<\/strong><\/p>\n\n\n\n<p>2.4 Al acceder a la Web o adquirir productos\/servicios, los usuarios aceptan los t\u00e9rminos y condiciones, aplicables a todos los usuarios, incluidos visitantes, vendedores, clientes y contribuyentes de contenido.<\/p>\n\n\n\n<p>2.5 La empresa puede negarse a ofrecer productos\/servicios en cualquier momento y bajo circunstancias espec\u00edficas.<\/p>\n\n\n\n<p>2.6 La informaci\u00f3n (excepto la de pagos) puede ser transferida sin cifrado para adaptarse a requerimientos t\u00e9cnicos, pero la informaci\u00f3n de pago siempre ser\u00e1 cifrada.<\/p>\n\n\n\n<p>2.7 Los productos y servicios de terceros en la Web son responsabilidad de esos terceros, incluyendo calidad, garant\u00eda y entrega.<\/p>\n\n\n\n<p><strong>Disponibilidad en la plataforma.<\/strong><\/p>\n\n\n\n<p>2.8 La empresa se esfuerza por mantener la disponibilidad y precisi\u00f3n de los productos\/servicios, pero pueden ocurrir errores en precio, descripci\u00f3n, etc.; en tal caso, se notificar\u00e1 al usuario y se resolver\u00e1 el problema.<\/p>\n\n\n\n<p><strong>Responsabilidad y modificaci\u00f3n de t\u00e9rminos<\/strong><\/p>\n\n\n\n<p>2.9 La empresa no se hace responsable de da\u00f1os directos o indirectos derivados del uso de los productos\/servicios; su responsabilidad se limita al valor de los mismos.<\/p>\n\n\n\n<p>2.10 La empresa puede modificar los t\u00e9rminos sin previo aviso, y el uso continuo de la Web implica la aceptaci\u00f3n de los cambios. Para consultas, el cliente\/usuario puede expresarla al correo soporte@unavainaverde.com o puede contactarnos mediante el chat de la Web.<\/p>","protected":false},"excerpt":{"rendered":"<p>Propiedad Industrial e Intelectual y otros derechos.&nbsp; 2.1 Todos los contenidos de propiedad intelectual en la Web (nombres, logos, marcas, patentes, dise\u00f1os, textos, software, im\u00e1genes, marketing y branding, creaciones y bases de datos) est\u00e1n sujetos a derechos de propiedad civil, comercial, industrial e intelectual de la empresa o terceros, y no implican ning\u00fan tipo de [&hellip;]<\/p>","protected":false},"author":1,"featured_media":8066,"parent":0,"menu_order":23,"comment_status":"closed","ping_status":"closed","template":"","meta":{"_acf_changed":false,"_price":"","_stock":"","_tribe_ticket_header":"","_tribe_default_ticket_provider":"","_tribe_ticket_capacity":"0","_ticket_start_date":"","_ticket_end_date":"","_tribe_ticket_show_description":"","_tribe_ticket_show_not_going":false,"_tribe_ticket_use_global_stock":"","_tribe_ticket_global_stock_level":"","_global_stock_mode":"","_global_stock_cap":"","_tribe_rsvp_for_event":"","_tribe_ticket_going_count":"","_tribe_ticket_not_going_count":"","_tribe_tickets_list":"[]","_tribe_ticket_has_attendee_info_fields":false,"footnotes":""},"class_list":["post-647","page","type-page","status-publish","has-post-thumbnail","hentry"],"acf":[],"yoast_head":"<!-- This site is optimized with the Yoast SEO plugin v25.5 - https:\/\/yoast.com\/wordpress\/plugins\/seo\/ -->\n<title>T\u00e9rminos y Condiciones - Una Vaina Verde<\/title>\n<meta name=\"description\" content=\"Somos una empresa social compuesta por consultores y educadores en sostenibilidad con pasio\u0301n por los negocios y el desarrollo sostenible.\" \/>\n<meta name=\"robots\" content=\"index, follow, max-snippet:-1, max-image-preview:large, max-video-preview:-1\" \/>\n<link rel=\"canonical\" href=\"https:\/\/unavainaverde.com\/en\/terminos-y-condiciones\/\" \/>\n<meta property=\"og:locale\" content=\"en_US\" \/>\n<meta property=\"og:type\" content=\"article\" \/>\n<meta property=\"og:title\" content=\"T\u00e9rminos y Condiciones - Una Vaina Verde\" \/>\n<meta property=\"og:description\" content=\"Somos una empresa social compuesta por consultores y educadores en sostenibilidad con pasio\u0301n por los negocios y el desarrollo sostenible.\" \/>\n<meta property=\"og:url\" content=\"https:\/\/unavainaverde.com\/en\/terminos-y-condiciones\/\" \/>\n<meta property=\"og:site_name\" content=\"Una Vaina Verde\" \/>\n<meta property=\"article:publisher\" content=\"https:\/\/www.facebook.com\/unavainaverde\/\" \/>\n<meta property=\"article:modified_time\" content=\"2025-01-29T00:34:41+00:00\" \/>\n<meta property=\"og:image\" content=\"https:\/\/unavainaverde.com\/wp-content\/uploads\/port-UVV.jpg\" \/>\n\t<meta property=\"og:image:width\" content=\"1280\" \/>\n\t<meta property=\"og:image:height\" content=\"1280\" \/>\n\t<meta property=\"og:image:type\" content=\"image\/jpeg\" \/>\n<meta name=\"twitter:card\" content=\"summary_large_image\" \/>\n<meta name=\"twitter:label1\" content=\"Est. reading time\" \/>\n\t<meta name=\"twitter:data1\" content=\"3 minutes\" \/>\n<script type=\"application\/ld+json\" class=\"yoast-schema-graph\">{\"@context\":\"https:\/\/schema.org\",\"@graph\":[{\"@type\":\"WebPage\",\"@id\":\"https:\/\/unavainaverde.com\/terminos-y-condiciones\/\",\"url\":\"https:\/\/unavainaverde.com\/terminos-y-condiciones\/\",\"name\":\"T\u00e9rminos y Condiciones - Una Vaina Verde\",\"isPartOf\":{\"@id\":\"https:\/\/unavainaverde.com\/#website\"},\"primaryImageOfPage\":{\"@id\":\"https:\/\/unavainaverde.com\/terminos-y-condiciones\/#primaryimage\"},\"image\":{\"@id\":\"https:\/\/unavainaverde.com\/terminos-y-condiciones\/#primaryimage\"},\"thumbnailUrl\":\"https:\/\/unavainaverde.com\/wp-content\/uploads\/port-UVV.jpg\",\"datePublished\":\"2024-06-17T15:22:24+00:00\",\"dateModified\":\"2025-01-29T00:34:41+00:00\",\"description\":\"Somos una empresa social compuesta por consultores y educadores en sostenibilidad con pasio\u0301n por los negocios y el desarrollo sostenible.\",\"breadcrumb\":{\"@id\":\"https:\/\/unavainaverde.com\/terminos-y-condiciones\/#breadcrumb\"},\"inLanguage\":\"en-US\",\"potentialAction\":[{\"@type\":\"ReadAction\",\"target\":[\"https:\/\/unavainaverde.com\/terminos-y-condiciones\/\"]}]},{\"@type\":\"ImageObject\",\"inLanguage\":\"en-US\",\"@id\":\"https:\/\/unavainaverde.com\/terminos-y-condiciones\/#primaryimage\",\"url\":\"https:\/\/unavainaverde.com\/wp-content\/uploads\/port-UVV.jpg\",\"contentUrl\":\"https:\/\/unavainaverde.com\/wp-content\/uploads\/port-UVV.jpg\",\"width\":1280,\"height\":1280,\"caption\":\"Una Vaina Verde\"},{\"@type\":\"BreadcrumbList\",\"@id\":\"https:\/\/unavainaverde.com\/terminos-y-condiciones\/#breadcrumb\",\"itemListElement\":[{\"@type\":\"ListItem\",\"position\":1,\"name\":\"Portada\",\"item\":\"https:\/\/unavainaverde.com\/\"},{\"@type\":\"ListItem\",\"position\":2,\"name\":\"T\u00e9rminos y Condiciones\"}]},{\"@type\":\"WebSite\",\"@id\":\"https:\/\/unavainaverde.com\/#website\",\"url\":\"https:\/\/unavainaverde.com\/\",\"name\":\"Una Vaina Verde\",\"description\":\"Una Vaina Verde\",\"publisher\":{\"@id\":\"https:\/\/unavainaverde.com\/#organization\"},\"alternateName\":\"Una Vaina Verde\",\"potentialAction\":[{\"@type\":\"SearchAction\",\"target\":{\"@type\":\"EntryPoint\",\"urlTemplate\":\"https:\/\/unavainaverde.com\/?s={search_term_string}\"},\"query-input\":{\"@type\":\"PropertyValueSpecification\",\"valueRequired\":true,\"valueName\":\"search_term_string\"}}],\"inLanguage\":\"en-US\"},{\"@type\":\"Organization\",\"@id\":\"https:\/\/unavainaverde.com\/#organization\",\"name\":\"Una Vaina Verde\",\"alternateName\":\"Una Vaina Verde\",\"url\":\"https:\/\/unavainaverde.com\/\",\"logo\":{\"@type\":\"ImageObject\",\"inLanguage\":\"en-US\",\"@id\":\"https:\/\/unavainaverde.com\/#\/schema\/logo\/image\/\",\"url\":\"https:\/\/unavainaverde.com\/wp-content\/uploads\/Corito-Verde-2024.png\",\"contentUrl\":\"https:\/\/unavainaverde.com\/wp-content\/uploads\/Corito-Verde-2024.png\",\"width\":1080,\"height\":1080,\"caption\":\"Una Vaina Verde\"},\"image\":{\"@id\":\"https:\/\/unavainaverde.com\/#\/schema\/logo\/image\/\"},\"sameAs\":[\"https:\/\/www.facebook.com\/unavainaverde\/\"]}]}<\/script>\n<!-- \/ Yoast SEO plugin. -->","yoast_head_json":{"title":"T\u00e9rminos y Condiciones - Una Vaina Verde","description":"Somos una empresa social compuesta por consultores y educadores en sostenibilidad con pasio\u0301n por los negocios y el desarrollo sostenible.","robots":{"index":"index","follow":"follow","max-snippet":"max-snippet:-1","max-image-preview":"max-image-preview:large","max-video-preview":"max-video-preview:-1"},"canonical":"https:\/\/unavainaverde.com\/en\/terminos-y-condiciones\/","og_locale":"en_US","og_type":"article","og_title":"T\u00e9rminos y Condiciones - Una Vaina Verde","og_description":"Somos una empresa social compuesta por consultores y educadores en sostenibilidad con pasio\u0301n por los negocios y el desarrollo sostenible.","og_url":"https:\/\/unavainaverde.com\/en\/terminos-y-condiciones\/","og_site_name":"Una Vaina Verde","article_publisher":"https:\/\/www.facebook.com\/unavainaverde\/","article_modified_time":"2025-01-29T00:34:41+00:00","og_image":[{"width":1280,"height":1280,"url":"https:\/\/unavainaverde.com\/wp-content\/uploads\/port-UVV.jpg","type":"image\/jpeg"}],"twitter_card":"summary_large_image","twitter_misc":{"Est. reading time":"3 minutes"},"schema":{"@context":"https:\/\/schema.org","@graph":[{"@type":"WebPage","@id":"https:\/\/unavainaverde.com\/terminos-y-condiciones\/","url":"https:\/\/unavainaverde.com\/terminos-y-condiciones\/","name":"T\u00e9rminos y Condiciones - Una Vaina Verde","isPartOf":{"@id":"https:\/\/unavainaverde.com\/#website"},"primaryImageOfPage":{"@id":"https:\/\/unavainaverde.com\/terminos-y-condiciones\/#primaryimage"},"image":{"@id":"https:\/\/unavainaverde.com\/terminos-y-condiciones\/#primaryimage"},"thumbnailUrl":"https:\/\/unavainaverde.com\/wp-content\/uploads\/port-UVV.jpg","datePublished":"2024-06-17T15:22:24+00:00","dateModified":"2025-01-29T00:34:41+00:00","description":"Somos una empresa social compuesta por consultores y educadores en sostenibilidad con pasio\u0301n por los negocios y el desarrollo sostenible.","breadcrumb":{"@id":"https:\/\/unavainaverde.com\/terminos-y-condiciones\/#breadcrumb"},"inLanguage":"en-US","potentialAction":[{"@type":"ReadAction","target":["https:\/\/unavainaverde.com\/terminos-y-condiciones\/"]}]},{"@type":"ImageObject","inLanguage":"en-US","@id":"https:\/\/unavainaverde.com\/terminos-y-condiciones\/#primaryimage","url":"https:\/\/unavainaverde.com\/wp-content\/uploads\/port-UVV.jpg","contentUrl":"https:\/\/unavainaverde.com\/wp-content\/uploads\/port-UVV.jpg","width":1280,"height":1280,"caption":"Una Vaina Verde"},{"@type":"BreadcrumbList","@id":"https:\/\/unavainaverde.com\/terminos-y-condiciones\/#breadcrumb","itemListElement":[{"@type":"ListItem","position":1,"name":"Portada","item":"https:\/\/unavainaverde.com\/"},{"@type":"ListItem","position":2,"name":"T\u00e9rminos y Condiciones"}]},{"@type":"WebSite","@id":"https:\/\/unavainaverde.com\/#website","url":"https:\/\/unavainaverde.com\/","name":"Una Vaina Verde","description":"Una Vaina Verde","publisher":{"@id":"https:\/\/unavainaverde.com\/#organization"},"alternateName":"Una Vaina Verde","potentialAction":[{"@type":"SearchAction","target":{"@type":"EntryPoint","urlTemplate":"https:\/\/unavainaverde.com\/?s={search_term_string}"},"query-input":{"@type":"PropertyValueSpecification","valueRequired":true,"valueName":"search_term_string"}}],"inLanguage":"en-US"},{"@type":"Organization","@id":"https:\/\/unavainaverde.com\/#organization","name":"Una Vaina Verde","alternateName":"Una Vaina Verde","url":"https:\/\/unavainaverde.com\/","logo":{"@type":"ImageObject","inLanguage":"en-US","@id":"https:\/\/unavainaverde.com\/#\/schema\/logo\/image\/","url":"https:\/\/unavainaverde.com\/wp-content\/uploads\/Corito-Verde-2024.png","contentUrl":"https:\/\/unavainaverde.com\/wp-content\/uploads\/Corito-Verde-2024.png","width":1080,"height":1080,"caption":"Una Vaina Verde"},"image":{"@id":"https:\/\/unavainaverde.com\/#\/schema\/logo\/image\/"},"sameAs":["https:\/\/www.facebook.com\/unavainaverde\/"]}]}},"_links":{"self":[{"href":"https:\/\/unavainaverde.com\/en\/wp-json\/wp\/v2\/pages\/647","targetHints":{"allow":["GET"]}}],"collection":[{"href":"https:\/\/unavainaverde.com\/en\/wp-json\/wp\/v2\/pages"}],"about":[{"href":"https:\/\/unavainaverde.com\/en\/wp-json\/wp\/v2\/types\/page"}],"author":[{"embeddable":true,"href":"https:\/\/unavainaverde.com\/en\/wp-json\/wp\/v2\/users\/1"}],"replies":[{"embeddable":true,"href":"https:\/\/unavainaverde.com\/en\/wp-json\/wp\/v2\/comments?post=647"}],"version-history":[{"count":3,"href":"https:\/\/unavainaverde.com\/en\/wp-json\/wp\/v2\/pages\/647\/revisions"}],"predecessor-version":[{"id":5739,"href":"https:\/\/unavainaverde.com\/en\/wp-json\/wp\/v2\/pages\/647\/revisions\/5739"}],"wp:featuredmedia":[{"embeddable":true,"href":"https:\/\/unavainaverde.com\/en\/wp-json\/wp\/v2\/media\/8066"}],"wp:attachment":[{"href":"https:\/\/unavainaverde.com\/en\/wp-json\/wp\/v2\/media?parent=647"}],"curies":[{"name":"wp","href":"https:\/\/api.w.org\/{rel}","templated":true}]}}