{"id":645,"date":"2024-06-17T11:21:20","date_gmt":"2024-06-17T15:21:20","guid":{"rendered":"https:\/\/unavainaverde.com\/?page_id=645"},"modified":"2025-01-28T20:34:17","modified_gmt":"2025-01-29T00:34:17","slug":"politica-de-privacidad","status":"publish","type":"page","link":"https:\/\/unavainaverde.com\/en\/politica-de-privacidad\/","title":{"rendered":"Pol\u00edtica de Privacidad"},"content":{"rendered":"<p>1.1 Estas Pol\u00edticas condicionan el uso de los servicios y productos de UNA VAINA VERDE MARKETPLACE (www.UnaVainaVerde.com) y UNA VAINA VERDE (en adelante, la \u00abWeb\u00bb), y otros dominios relacionados, propiedad de \u201cUNA VAINA VERDE, S.R.L.\u201d, sociedad comercial organizada y existente de conformidad con las leyes de la Rep\u00fablica Dominicana, con domicilio y asiento social en Santo Domingo, Distrito Nacional, Capital de la Rep\u00fablica Dominicana, con Registro Nacional de Contribuyente No. 1-31-98454-1 y Registro Mercantil No. 159701SD., en cumplimiento con la Ley No. 172-13 sobre Protecci\u00f3n de Datos Personales.<\/p>\n\n\n\n<p>1.2 La Web solicitar\u00e1 y utilizar\u00e1 datos personales de los usuarios y clientes solo para actividades de comercio consentidas por ellos, manejando dicha informaci\u00f3n con confidencialidad.<\/p>\n\n\n\n<p>1.3 Usuarios y clientes deber\u00e1n aceptar los T\u00e9rminos y Condiciones Generales, la Pol\u00edtica de Privacidad y dem\u00e1s pol\u00edticas aplicables antes de usar la Web. Los usuarios y clientes se encuentran en la obligaci\u00f3n de leer, entender y aceptar todas las condiciones establecidas en la Web, previo a su uso, acceso y registro continuo o frecuente de la Web.<\/p>\n\n\n\n<p>1.4 La empresa puede modificar las pol\u00edticas y condiciones de uso, notificando a los usuarios, quienes podr\u00e1n dar su consentimiento o descontinuar el uso de la Web.<\/p>\n\n\n\n<p>1.5 Definiciones:<\/p>\n\n\n\n<ul class=\"wp-block-list\">\n<li><strong>Usuario<\/strong>: toda persona que ingrese a la Web y haga uso de la plataforma con o sin intermediaci\u00f3n de datos. El uso que hace el usuario puede ser solo de vista, consulta, e interacci\u00f3n web (comunidad\/foro).<\/li>\n\n\n\n<li><strong>Cliente<\/strong>: toda persona que ingrese a la Web, haga uso de la plataforma con intermediaci\u00f3n de datos y proceda a la adquisici\u00f3n y\/o compra de productos y\/o servicios brindados por medio de la Web.<\/li>\n\n\n\n<li><strong>Vendedor<\/strong>: toda persona que interact\u00fae con la Web y la empresa propietaria de la Web en relaciones comerciales regidas por convenciones privadas entre las mismas a los fines de colocar sus productos y\/o servicios en venta intermediaria a trav\u00e9s de la empresa y la Web.<\/li>\n<\/ul>\n\n\n\n<p>1.6 Los usuarios deben aceptar las condiciones aplicables seg\u00fan su rol y tener capacidad legal para usar la Web; los menores deben contar con permiso de sus tutores o representantes legales, quienes ser\u00e1n considerados responsables de todos los actos realizados por los menores bajo a su cargo.<\/p>\n\n\n\n<p>1.7 Los datos recogidos solo ser\u00e1n los necesarios para la relaci\u00f3n comercial, y ser\u00e1n usados para mejorar el servicio, marketing, y actividades promocionales, con el consentimiento del usuario, el cual se obtiene una vez que el usuario o cliente ingresa voluntariamente su informaci\u00f3n en la Web, y\/o solicitud, y medios de confirmaci\u00f3n y verificaci\u00f3n de privacidad y seguridad cuando sean informaciones sujetas a riesgos econ\u00f3micos, reputacionales y de fraude.&nbsp;<\/p>\n\n\n\n<p>1.8 La Web puede compartir datos con terceros para cumplir obligaciones comerciales con el usuario. En caso de someter o iniciar una compra, solicitud de servicio o cualquier relaci\u00f3n informativa o comercial con un tercero por medio de la Web, el usuario y cliente reconoce que los datos recogidos por la Web podr\u00e1n ser cedidos y\/o facilitados a los terceros que requieran dichos datos para la correcta entrega y cumplimiento de sus obligaciones con el usuario y cliente.<\/p>\n\n\n\n<p>1.9 Se recoge tambi\u00e9n informaci\u00f3n sobre el comportamiento del usuario en la Web para generar estad\u00edsticas, sugerencias comerciales y mejorar los servicios.<\/p>\n\n\n\n<p>1.10 Los usuarios pueden rescindir su consentimiento y finalizar su relaci\u00f3n con la Web en cualquier momento.<\/p>\n\n\n\n<p>1.11 Todo el material en la Web es propiedad de la empresa y de sus relaciones, por lo tanto, la empresa no consiente por esta v\u00eda a la modificaci\u00f3n, mal uso, proliferaci\u00f3n o alteraci\u00f3n de los materiales utilizados en la Web.&nbsp;<\/p>\n\n\n\n<p>1.12 Los usuarios entienden que su relaci\u00f3n con la Web puede estar sujeta a otros contratos adem\u00e1s de las Pol\u00edticas y T\u00e9rminos y Condiciones.<\/p>","protected":false},"excerpt":{"rendered":"<p>1.1 Estas Pol\u00edticas condicionan el uso de los servicios y productos de UNA VAINA VERDE MARKETPLACE (www.UnaVainaVerde.com) y UNA VAINA VERDE (en adelante, la \u00abWeb\u00bb), y otros dominios relacionados, propiedad de \u201cUNA VAINA VERDE, S.R.L.\u201d, sociedad comercial organizada y existente de conformidad con las leyes de la Rep\u00fablica Dominicana, con domicilio y asiento social en [&hellip;]<\/p>","protected":false},"author":1,"featured_media":8066,"parent":0,"menu_order":22,"comment_status":"closed","ping_status":"closed","template":"","meta":{"_acf_changed":false,"_price":"","_stock":"","_tribe_ticket_header":"","_tribe_default_ticket_provider":"","_tribe_ticket_capacity":"0","_ticket_start_date":"","_ticket_end_date":"","_tribe_ticket_show_description":"","_tribe_ticket_show_not_going":false,"_tribe_ticket_use_global_stock":"","_tribe_ticket_global_stock_level":"","_global_stock_mode":"","_global_stock_cap":"","_tribe_rsvp_for_event":"","_tribe_ticket_going_count":"","_tribe_ticket_not_going_count":"","_tribe_tickets_list":"[]","_tribe_ticket_has_attendee_info_fields":false,"footnotes":""},"class_list":["post-645","page","type-page","status-publish","has-post-thumbnail","hentry"],"acf":[],"yoast_head":"<!-- This site is optimized with the Yoast SEO plugin v25.5 - https:\/\/yoast.com\/wordpress\/plugins\/seo\/ -->\n<title>Pol\u00edtica de Privacidad - Una Vaina Verde<\/title>\n<meta name=\"description\" content=\"Somos una empresa social compuesta por consultores y educadores en sostenibilidad con pasio\u0301n por los negocios y el desarrollo sostenible.\" \/>\n<meta name=\"robots\" content=\"index, follow, max-snippet:-1, max-image-preview:large, max-video-preview:-1\" \/>\n<link rel=\"canonical\" href=\"https:\/\/unavainaverde.com\/en\/politica-de-privacidad\/\" \/>\n<meta property=\"og:locale\" content=\"en_US\" \/>\n<meta property=\"og:type\" content=\"article\" \/>\n<meta property=\"og:title\" content=\"Pol\u00edtica de Privacidad - Una Vaina Verde\" \/>\n<meta property=\"og:description\" content=\"Somos una empresa social compuesta por consultores y educadores en sostenibilidad con pasio\u0301n por los negocios y el desarrollo sostenible.\" \/>\n<meta property=\"og:url\" content=\"https:\/\/unavainaverde.com\/en\/politica-de-privacidad\/\" \/>\n<meta property=\"og:site_name\" content=\"Una Vaina Verde\" \/>\n<meta property=\"article:publisher\" content=\"https:\/\/www.facebook.com\/unavainaverde\/\" \/>\n<meta property=\"article:modified_time\" content=\"2025-01-29T00:34:17+00:00\" \/>\n<meta property=\"og:image\" content=\"https:\/\/unavainaverde.com\/wp-content\/uploads\/port-UVV.jpg\" \/>\n\t<meta property=\"og:image:width\" content=\"1280\" \/>\n\t<meta property=\"og:image:height\" content=\"1280\" \/>\n\t<meta property=\"og:image:type\" content=\"image\/jpeg\" \/>\n<meta name=\"twitter:card\" content=\"summary_large_image\" \/>\n<meta name=\"twitter:label1\" content=\"Est. reading time\" \/>\n\t<meta name=\"twitter:data1\" content=\"4 minutes\" \/>\n<script type=\"application\/ld+json\" class=\"yoast-schema-graph\">{\"@context\":\"https:\/\/schema.org\",\"@graph\":[{\"@type\":\"WebPage\",\"@id\":\"https:\/\/unavainaverde.com\/politica-de-privacidad\/\",\"url\":\"https:\/\/unavainaverde.com\/politica-de-privacidad\/\",\"name\":\"Pol\u00edtica de Privacidad - Una Vaina Verde\",\"isPartOf\":{\"@id\":\"https:\/\/unavainaverde.com\/#website\"},\"primaryImageOfPage\":{\"@id\":\"https:\/\/unavainaverde.com\/politica-de-privacidad\/#primaryimage\"},\"image\":{\"@id\":\"https:\/\/unavainaverde.com\/politica-de-privacidad\/#primaryimage\"},\"thumbnailUrl\":\"https:\/\/unavainaverde.com\/wp-content\/uploads\/port-UVV.jpg\",\"datePublished\":\"2024-06-17T15:21:20+00:00\",\"dateModified\":\"2025-01-29T00:34:17+00:00\",\"description\":\"Somos una empresa social compuesta por consultores y educadores en sostenibilidad con pasio\u0301n por los negocios y el desarrollo sostenible.\",\"breadcrumb\":{\"@id\":\"https:\/\/unavainaverde.com\/politica-de-privacidad\/#breadcrumb\"},\"inLanguage\":\"en-US\",\"potentialAction\":[{\"@type\":\"ReadAction\",\"target\":[\"https:\/\/unavainaverde.com\/politica-de-privacidad\/\"]}]},{\"@type\":\"ImageObject\",\"inLanguage\":\"en-US\",\"@id\":\"https:\/\/unavainaverde.com\/politica-de-privacidad\/#primaryimage\",\"url\":\"https:\/\/unavainaverde.com\/wp-content\/uploads\/port-UVV.jpg\",\"contentUrl\":\"https:\/\/unavainaverde.com\/wp-content\/uploads\/port-UVV.jpg\",\"width\":1280,\"height\":1280,\"caption\":\"Una Vaina Verde\"},{\"@type\":\"BreadcrumbList\",\"@id\":\"https:\/\/unavainaverde.com\/politica-de-privacidad\/#breadcrumb\",\"itemListElement\":[{\"@type\":\"ListItem\",\"position\":1,\"name\":\"Portada\",\"item\":\"https:\/\/unavainaverde.com\/\"},{\"@type\":\"ListItem\",\"position\":2,\"name\":\"Pol\u00edtica de Privacidad\"}]},{\"@type\":\"WebSite\",\"@id\":\"https:\/\/unavainaverde.com\/#website\",\"url\":\"https:\/\/unavainaverde.com\/\",\"name\":\"Una Vaina Verde\",\"description\":\"Una Vaina Verde\",\"publisher\":{\"@id\":\"https:\/\/unavainaverde.com\/#organization\"},\"alternateName\":\"Una Vaina Verde\",\"potentialAction\":[{\"@type\":\"SearchAction\",\"target\":{\"@type\":\"EntryPoint\",\"urlTemplate\":\"https:\/\/unavainaverde.com\/?s={search_term_string}\"},\"query-input\":{\"@type\":\"PropertyValueSpecification\",\"valueRequired\":true,\"valueName\":\"search_term_string\"}}],\"inLanguage\":\"en-US\"},{\"@type\":\"Organization\",\"@id\":\"https:\/\/unavainaverde.com\/#organization\",\"name\":\"Una Vaina Verde\",\"alternateName\":\"Una Vaina Verde\",\"url\":\"https:\/\/unavainaverde.com\/\",\"logo\":{\"@type\":\"ImageObject\",\"inLanguage\":\"en-US\",\"@id\":\"https:\/\/unavainaverde.com\/#\/schema\/logo\/image\/\",\"url\":\"https:\/\/unavainaverde.com\/wp-content\/uploads\/Corito-Verde-2024.png\",\"contentUrl\":\"https:\/\/unavainaverde.com\/wp-content\/uploads\/Corito-Verde-2024.png\",\"width\":1080,\"height\":1080,\"caption\":\"Una Vaina Verde\"},\"image\":{\"@id\":\"https:\/\/unavainaverde.com\/#\/schema\/logo\/image\/\"},\"sameAs\":[\"https:\/\/www.facebook.com\/unavainaverde\/\"]}]}<\/script>\n<!-- \/ Yoast SEO plugin. -->","yoast_head_json":{"title":"Pol\u00edtica de Privacidad - Una Vaina Verde","description":"Somos una empresa social compuesta por consultores y educadores en sostenibilidad con pasio\u0301n por los negocios y el desarrollo sostenible.","robots":{"index":"index","follow":"follow","max-snippet":"max-snippet:-1","max-image-preview":"max-image-preview:large","max-video-preview":"max-video-preview:-1"},"canonical":"https:\/\/unavainaverde.com\/en\/politica-de-privacidad\/","og_locale":"en_US","og_type":"article","og_title":"Pol\u00edtica de Privacidad - Una Vaina Verde","og_description":"Somos una empresa social compuesta por consultores y educadores en sostenibilidad con pasio\u0301n por los negocios y el desarrollo sostenible.","og_url":"https:\/\/unavainaverde.com\/en\/politica-de-privacidad\/","og_site_name":"Una Vaina Verde","article_publisher":"https:\/\/www.facebook.com\/unavainaverde\/","article_modified_time":"2025-01-29T00:34:17+00:00","og_image":[{"width":1280,"height":1280,"url":"https:\/\/unavainaverde.com\/wp-content\/uploads\/port-UVV.jpg","type":"image\/jpeg"}],"twitter_card":"summary_large_image","twitter_misc":{"Est. reading time":"4 minutes"},"schema":{"@context":"https:\/\/schema.org","@graph":[{"@type":"WebPage","@id":"https:\/\/unavainaverde.com\/politica-de-privacidad\/","url":"https:\/\/unavainaverde.com\/politica-de-privacidad\/","name":"Pol\u00edtica de Privacidad - Una Vaina Verde","isPartOf":{"@id":"https:\/\/unavainaverde.com\/#website"},"primaryImageOfPage":{"@id":"https:\/\/unavainaverde.com\/politica-de-privacidad\/#primaryimage"},"image":{"@id":"https:\/\/unavainaverde.com\/politica-de-privacidad\/#primaryimage"},"thumbnailUrl":"https:\/\/unavainaverde.com\/wp-content\/uploads\/port-UVV.jpg","datePublished":"2024-06-17T15:21:20+00:00","dateModified":"2025-01-29T00:34:17+00:00","description":"Somos una empresa social compuesta por consultores y educadores en sostenibilidad con pasio\u0301n por los negocios y el desarrollo sostenible.","breadcrumb":{"@id":"https:\/\/unavainaverde.com\/politica-de-privacidad\/#breadcrumb"},"inLanguage":"en-US","potentialAction":[{"@type":"ReadAction","target":["https:\/\/unavainaverde.com\/politica-de-privacidad\/"]}]},{"@type":"ImageObject","inLanguage":"en-US","@id":"https:\/\/unavainaverde.com\/politica-de-privacidad\/#primaryimage","url":"https:\/\/unavainaverde.com\/wp-content\/uploads\/port-UVV.jpg","contentUrl":"https:\/\/unavainaverde.com\/wp-content\/uploads\/port-UVV.jpg","width":1280,"height":1280,"caption":"Una Vaina Verde"},{"@type":"BreadcrumbList","@id":"https:\/\/unavainaverde.com\/politica-de-privacidad\/#breadcrumb","itemListElement":[{"@type":"ListItem","position":1,"name":"Portada","item":"https:\/\/unavainaverde.com\/"},{"@type":"ListItem","position":2,"name":"Pol\u00edtica de Privacidad"}]},{"@type":"WebSite","@id":"https:\/\/unavainaverde.com\/#website","url":"https:\/\/unavainaverde.com\/","name":"Una Vaina Verde","description":"Una Vaina Verde","publisher":{"@id":"https:\/\/unavainaverde.com\/#organization"},"alternateName":"Una Vaina Verde","potentialAction":[{"@type":"SearchAction","target":{"@type":"EntryPoint","urlTemplate":"https:\/\/unavainaverde.com\/?s={search_term_string}"},"query-input":{"@type":"PropertyValueSpecification","valueRequired":true,"valueName":"search_term_string"}}],"inLanguage":"en-US"},{"@type":"Organization","@id":"https:\/\/unavainaverde.com\/#organization","name":"Una Vaina Verde","alternateName":"Una Vaina Verde","url":"https:\/\/unavainaverde.com\/","logo":{"@type":"ImageObject","inLanguage":"en-US","@id":"https:\/\/unavainaverde.com\/#\/schema\/logo\/image\/","url":"https:\/\/unavainaverde.com\/wp-content\/uploads\/Corito-Verde-2024.png","contentUrl":"https:\/\/unavainaverde.com\/wp-content\/uploads\/Corito-Verde-2024.png","width":1080,"height":1080,"caption":"Una Vaina Verde"},"image":{"@id":"https:\/\/unavainaverde.com\/#\/schema\/logo\/image\/"},"sameAs":["https:\/\/www.facebook.com\/unavainaverde\/"]}]}},"_links":{"self":[{"href":"https:\/\/unavainaverde.com\/en\/wp-json\/wp\/v2\/pages\/645","targetHints":{"allow":["GET"]}}],"collection":[{"href":"https:\/\/unavainaverde.com\/en\/wp-json\/wp\/v2\/pages"}],"about":[{"href":"https:\/\/unavainaverde.com\/en\/wp-json\/wp\/v2\/types\/page"}],"author":[{"embeddable":true,"href":"https:\/\/unavainaverde.com\/en\/wp-json\/wp\/v2\/users\/1"}],"replies":[{"embeddable":true,"href":"https:\/\/unavainaverde.com\/en\/wp-json\/wp\/v2\/comments?post=645"}],"version-history":[{"count":2,"href":"https:\/\/unavainaverde.com\/en\/wp-json\/wp\/v2\/pages\/645\/revisions"}],"predecessor-version":[{"id":5738,"href":"https:\/\/unavainaverde.com\/en\/wp-json\/wp\/v2\/pages\/645\/revisions\/5738"}],"wp:featuredmedia":[{"embeddable":true,"href":"https:\/\/unavainaverde.com\/en\/wp-json\/wp\/v2\/media\/8066"}],"wp:attachment":[{"href":"https:\/\/unavainaverde.com\/en\/wp-json\/wp\/v2\/media?parent=645"}],"curies":[{"name":"wp","href":"https:\/\/api.w.org\/{rel}","templated":true}]}}