{"id":5370,"date":"2024-09-30T01:08:44","date_gmt":"2024-09-30T05:08:44","guid":{"rendered":"https:\/\/unavainaverde.com\/?page_id=5370"},"modified":"2025-03-03T11:23:46","modified_gmt":"2025-03-03T15:23:46","slug":"inicio-de-sesion","status":"publish","type":"page","link":"https:\/\/unavainaverde.com\/en\/inicio-de-sesion\/","title":{"rendered":"Inicio de sesi\u00f3n"},"content":{"rendered":"<div data-elementor-type=\"wp-page\" data-elementor-id=\"5370\" class=\"elementor elementor-5370\" data-elementor-post-type=\"page\">\n\t\t\t\t<div class=\"elementor-element elementor-element-0fbabc3 e-con-full e-flex e-con e-parent\" data-id=\"0fbabc3\" data-element_type=\"container\" data-e-type=\"container\" data-settings=\"{&quot;jet_parallax_layout_list&quot;:[]}\">\n\t\t<div class=\"elementor-element elementor-element-0ddc4ce e-con-full e-flex e-con e-child\" data-id=\"0ddc4ce\" data-element_type=\"container\" data-e-type=\"container\" data-settings=\"{&quot;background_background&quot;:&quot;classic&quot;,&quot;jet_parallax_layout_list&quot;:[]}\">\n\t\t\t\t<\/div>\n\t\t<div class=\"elementor-element elementor-element-8e74611 e-con-full e-flex e-con e-child\" data-id=\"8e74611\" data-element_type=\"container\" data-e-type=\"container\" data-settings=\"{&quot;jet_parallax_layout_list&quot;:[],&quot;background_background&quot;:&quot;classic&quot;}\">\n\t\t<div class=\"elementor-element elementor-element-31dc2d5 e-con-full e-flex e-con e-child\" data-id=\"31dc2d5\" data-element_type=\"container\" data-e-type=\"container\" data-settings=\"{&quot;background_background&quot;:&quot;classic&quot;,&quot;jet_parallax_layout_list&quot;:[]}\">\n\t\t\t\t<div class=\"elementor-element elementor-element-a1d78e5 elementor-hidden-mobile elementor-widget elementor-widget-image\" data-id=\"a1d78e5\" data-element_type=\"widget\" data-e-type=\"widget\" data-widget_type=\"image.default\">\n\t\t\t\t<div class=\"elementor-widget-container\">\n\t\t\t\t\t\t\t\t\t\t\t\t\t\t\t<img decoding=\"async\" width=\"157\" height=\"76\" data-src=\"https:\/\/unavainaverde.com\/wp-content\/uploads\/Una-Vaina-Verde-Color-Logo-1.svg\" class=\"attachment-large size-large wp-image-5333 lazyload\" alt=\"Una Vaina Verde\" src=\"data:image\/svg+xml;base64,PHN2ZyB3aWR0aD0iMSIgaGVpZ2h0PSIxIiB4bWxucz0iaHR0cDovL3d3dy53My5vcmcvMjAwMC9zdmciPjwvc3ZnPg==\" style=\"--smush-placeholder-width: 157px; --smush-placeholder-aspect-ratio: 157\/76;\" \/>\t\t\t\t\t\t\t\t\t\t\t\t\t\t\t<\/div>\n\t\t\t\t<\/div>\n\t\t\t\t<div class=\"elementor-element elementor-element-828a014 elementor-widget elementor-widget-text-editor\" data-id=\"828a014\" data-element_type=\"widget\" data-e-type=\"widget\" data-widget_type=\"text-editor.default\">\n\t\t\t\t<div class=\"elementor-widget-container\">\n\t\t\t\t\t\t\t\t\t<p>\u00a1\u00danete a nuestra comunidad hoy!<\/p><p>Reg\u00edstrate para acceder a contenido exclusivo y ofertas especiales<\/p>\t\t\t\t\t\t\t\t<\/div>\n\t\t\t\t<\/div>\n\t\t\t\t<div class=\"elementor-element elementor-element-03131ce e-n-tabs-none elementor-widget elementor-widget-n-tabs\" data-id=\"03131ce\" data-element_type=\"widget\" data-e-type=\"widget\" data-settings=\"{&quot;tabs_justify_horizontal&quot;:&quot;stretch&quot;,&quot;horizontal_scroll&quot;:&quot;enable&quot;,&quot;horizontal_scroll_mobile&quot;:&quot;enable&quot;}\" data-widget_type=\"nested-tabs.default\">\n\t\t\t\t<div class=\"elementor-widget-container\">\n\t\t\t\t\t\t\t<div class=\"e-n-tabs\" data-widget-number=\"3224014\" aria-label=\"Tabs. Open items with Enter or Space, close with Escape and navigate using the Arrow keys.\" data-no-translation-aria-label=\"\">\n\t\t\t<div class=\"e-n-tabs-heading\" role=\"tablist\">\n\t\t\t\t\t<button id=\"e-n-tab-title-32240141\" data-tab-title-id=\"e-n-tab-title-32240141\" class=\"e-n-tab-title\" aria-selected=\"true\" data-tab-index=\"1\" role=\"tab\" tabindex=\"0\" aria-controls=\"e-n-tab-content-32240141\" style=\"--n-tabs-title-order: 1;\">\n\t\t\t\t\t\t<span class=\"e-n-tab-title-text\">\n\t\t\t\tIniciar sesi\u00f3n\t\t\t<\/span>\n\t\t<\/button>\n\t\t\t\t<button id=\"e-n-tab-title-32240142\" data-tab-title-id=\"e-n-tab-title-32240142\" class=\"e-n-tab-title\" aria-selected=\"false\" data-tab-index=\"2\" role=\"tab\" tabindex=\"-1\" aria-controls=\"e-n-tab-content-32240142\" style=\"--n-tabs-title-order: 2;\">\n\t\t\t\t\t\t<span class=\"e-n-tab-title-text\">\n\t\t\t\tRegistrarme\t\t\t<\/span>\n\t\t<\/button>\n\t\t\t\t\t<\/div>\n\t\t\t<div class=\"e-n-tabs-content\">\n\t\t\t\t<div id=\"e-n-tab-content-32240141\" role=\"tabpanel\" aria-labelledby=\"e-n-tab-title-32240141\" data-tab-index=\"1\" style=\"--n-tabs-title-order: 1;\" class=\"e-active elementor-element elementor-element-d274c06 e-con-full e-flex e-con e-child\" data-id=\"d274c06\" data-element_type=\"container\" data-e-type=\"container\" data-settings=\"{&quot;jet_parallax_layout_list&quot;:[]}\">\n\t\t\t\t<div class=\"elementor-element elementor-element-6f0bda6 elementor-widget elementor-widget-heading\" data-id=\"6f0bda6\" data-element_type=\"widget\" data-e-type=\"widget\" data-widget_type=\"heading.default\">\n\t\t\t\t<div class=\"elementor-widget-container\">\n\t\t\t\t\t<h3 class=\"elementor-heading-title elementor-size-default\">Introduce los datos para ingresar a tu cuenta<\/h3>\t\t\t\t<\/div>\n\t\t\t\t<\/div>\n\t\t\t\t<div class=\"elementor-element elementor-element-2582664 elementor-button-align-stretch elementor-widget elementor-widget-login\" data-id=\"2582664\" data-element_type=\"widget\" data-e-type=\"widget\" data-widget_type=\"login.default\">\n\t\t\t\t<div class=\"elementor-widget-container\">\n\t\t\t\t\t\t\t<form class=\"elementor-login elementor-form\" method=\"post\" action=\"https:\/\/unavainaverde.com\/wp-login.php\" aria-label=\"Login form\">\n\t\t\t<input type=\"hidden\" name=\"redirect_to\" value=\"https:\/\/unavainaverde.com\/en\/mi-cuenta\/\">\n\t\t\t<div class=\"elementor-form-fields-wrapper\">\n\t\t\t\t<div class=\"elementor-field-type-text elementor-field-group elementor-column elementor-col-100 elementor-field-required\">\n\t\t\t\t\t<label for=\"user-2582664\" class=\"elementor-field-label\">Nombre de usuario o correo electr\u00f3nico<\/label>\n\t\t\t\t\t<input size=\"1\" type=\"text\" name=\"log\" id=\"user-2582664\" placeholder=\"Nombre o correo electr\u00f3nico\" class=\"elementor-field elementor-field-textual elementor-size-md\">\n\t\t\t\t<\/div>\n\t\t\t\t<div class=\"elementor-field-type-text elementor-field-group elementor-column elementor-col-100 elementor-field-required\">\n\t\t\t\t\t<label for=\"password-2582664\" class=\"elementor-field-label\">Contrase\u00f1a<\/label>\n\t\t\t\t\t<input size=\"1\" type=\"password\" name=\"pwd\" id=\"password-2582664\" placeholder=\"Ingresa la contrase\u00f1a\" class=\"elementor-field elementor-field-textual elementor-size-md\">\n\t\t\t\t<\/div>\n\n\t\t\t\t\t\t\t\t\t<div class=\"elementor-field-type-checkbox elementor-field-group elementor-column elementor-col-100 elementor-remember-me\">\n\t\t\t\t\t\t<label for=\"elementor-login-remember-me\">\n\t\t\t\t\t\t\t<input type=\"checkbox\" id=\"elementor-login-remember-me\" name=\"rememberme\" value=\"forever\">\n\t\t\t\t\t\t\tRemember Me\t\t\t\t\t\t<\/label>\n\t\t\t\t\t<\/div>\n\t\t\t\t\n\t\t\t\t<div class=\"elementor-field-group elementor-column elementor-field-type-submit elementor-col-100\">\n\t\t\t\t\t<button type=\"submit\" class=\"elementor-size-md elementor-button\" name=\"wp-submit\">\n\t\t\t\t\t\t\t\t\t\t\t\t\t\t\t<span class=\"elementor-button-text\">Acceder<\/span>\n\t\t\t\t\t\t\t\t\t\t\t\t<\/button>\n\t\t\t\t<\/div>\n\n\t\t\t\t\t\t\t\t\t<div class=\"elementor-field-group elementor-column elementor-col-100\">\n\t\t\t\t\t\t\t\t\t\t\t\t\t\t\t\t\t\t\t\t<a class=\"elementor-lost-password\" href=\"https:\/\/unavainaverde.com\/en\/mi-cuenta\/lost-password\/\">\n\t\t\t\t\t\t\t\tLost your password?\t\t\t\t\t\t\t<\/a>\n\t\t\t\t\t\t\n\t\t\t\t\t\t\t\t\t\t\t\t\t\t\t\t\t\t\t\t\t<span class=\"elementor-login-separator\"> | <\/span>\n\t\t\t\t\t\t\t\t\t\t\t\t\t\t\t\t\t\t\t\t\t<a class=\"elementor-register\" href=\"https:\/\/unavainaverde.com\/wp-login.php?action=register\">\n\t\t\t\t\t\t\t\tRegister\t\t\t\t\t\t\t<\/a>\n\t\t\t\t\t\t\t\t\t\t\t<\/div>\n\t\t\t\t\t\t\t<\/div>\n\t\t<\/form>\n\t\t\t\t\t\t<\/div>\n\t\t\t\t<\/div>\n\t\t\t\t<\/div>\n\t\t<div id=\"e-n-tab-content-32240142\" role=\"tabpanel\" aria-labelledby=\"e-n-tab-title-32240142\" data-tab-index=\"2\" style=\"--n-tabs-title-order: 2;\" class=\"elementor-element elementor-element-a8cff4f e-con-full e-flex e-con e-child\" data-id=\"a8cff4f\" data-element_type=\"container\" data-e-type=\"container\" data-settings=\"{&quot;jet_parallax_layout_list&quot;:[]}\">\n\t\t\t\t<div class=\"elementor-element elementor-element-01e6153 elementor-widget elementor-widget-heading\" data-id=\"01e6153\" data-element_type=\"widget\" data-e-type=\"widget\" data-widget_type=\"heading.default\">\n\t\t\t\t<div class=\"elementor-widget-container\">\n\t\t\t\t\t<h3 class=\"elementor-heading-title elementor-size-default\">Introduce los datos para registrarte<\/h3>\t\t\t\t<\/div>\n\t\t\t\t<\/div>\n\t\t\t\t<div class=\"elementor-element elementor-element-a15072d elementor-widget elementor-widget-wpforms\" data-id=\"a15072d\" data-element_type=\"widget\" data-e-type=\"widget\" data-widget_type=\"wpforms.default\">\n\t\t\t\t<div class=\"elementor-widget-container\">\n\t\t\t\t\t<style id=\"wpforms-css-vars-elementor-widget-a15072d\">\n\t\t\t\t.elementor-widget-wpforms.elementor-element-a15072d {\n\t\t\t\t--wpforms-field-border-radius: 6px;\n--wpforms-field-background-color: #EEEEEE;\n--wpforms-field-border-color: #EEEEEE;\n--wpforms-field-border-color-spare: #EEEEEE;\n--wpforms-field-text-color: #1E1E1E;\n--wpforms-label-color: #1E1E1E;\n--wpforms-label-sublabel-color: #1E1E1E;\n--wpforms-label-error-color: #FF0002;\n--wpforms-button-border-radius: 40px;\n--wpforms-button-background-color: #54B948;\n--wpforms-button-text-color: #FFFFFF;\n--wpforms-field-size-input-height: 43px;\n--wpforms-field-size-input-spacing: 15px;\n--wpforms-field-size-font-size: 16px;\n--wpforms-field-size-line-height: 19px;\n--wpforms-field-size-padding-h: 14px;\n--wpforms-field-size-checkbox-size: 16px;\n--wpforms-field-size-sublabel-spacing: 5px;\n--wpforms-field-size-icon-size: 1;\n--wpforms-label-size-font-size: 14px;\n--wpforms-label-size-line-height: 17px;\n--wpforms-label-size-sublabel-font-size: 13px;\n--wpforms-label-size-sublabel-line-height: 16px;\n--wpforms-button-size-font-size: 17px;\n--wpforms-button-size-height: 41px;\n--wpforms-button-size-padding-h: 15px;\n--wpforms-button-size-margin-top: 10px;\n\n\t\t\t}\n\t\t\t<\/style><div class=\"wpforms-container wpforms-container-full wpforms-render-modern\" id=\"wpforms-8037\"><form id=\"wpforms-form-8037\" class=\"wpforms-validate wpforms-form wpforms-ajax-form\" data-formid=\"8037\" method=\"post\" enctype=\"multipart\/form-data\" action=\"\/en\/wp-json\/wp\/v2\/pages\/5370\" data-token=\"63b5e91c5a2bce82ea3d1fd94eb29e76\" data-token-time=\"1778004156\" data-trp-original-action=\"\/en\/wp-json\/wp\/v2\/pages\/5370\"><noscript class=\"wpforms-error-noscript\">Please enable JavaScript in your browser to complete this form.<\/noscript><div class=\"wpforms-hidden\" id=\"wpforms-error-noscript\">Please enable JavaScript in your browser to complete this form.<\/div><div class=\"wpforms-field-container\"><div id=\"wpforms-8037-field_1-container\" class=\"wpforms-field wpforms-field-name\" data-field-id=\"1\"><fieldset><legend class=\"wpforms-field-label\">Nombre y Apellido <span class=\"wpforms-required-label\" aria-hidden=\"true\">*<\/span><\/legend><div class=\"wpforms-field-row wpforms-field-large\"><div class=\"wpforms-field-row-block wpforms-first wpforms-one-half\"><input type=\"text\" id=\"wpforms-8037-field_1\" class=\"wpforms-field-name-first wpforms-field-required\" name=\"wpforms[fields][1][first]\" placeholder=\"Escribe tu nombre\" aria-errormessage=\"wpforms-8037-field_1-error\" required><label for=\"wpforms-8037-field_1\" class=\"wpforms-field-sublabel after wpforms-sublabel-hide\">First<\/label><\/div><div class=\"wpforms-field-row-block wpforms-one-half\"><input type=\"text\" id=\"wpforms-8037-field_1-last\" class=\"wpforms-field-name-last wpforms-field-required\" name=\"wpforms[fields][1][last]\" placeholder=\"Escribe tu apellido\" aria-errormessage=\"wpforms-8037-field_1-last-error\" required><label for=\"wpforms-8037-field_1-last\" class=\"wpforms-field-sublabel after wpforms-sublabel-hide\">Last<\/label><\/div><\/div><\/fieldset><\/div><div id=\"wpforms-8037-field_2-container\" class=\"wpforms-field wpforms-field-email\" data-field-id=\"2\"><label class=\"wpforms-field-label\" for=\"wpforms-8037-field_2\">Correo electr\u00f3nico <span class=\"wpforms-required-label\" aria-hidden=\"true\">*<\/span><\/label><input type=\"email\" id=\"wpforms-8037-field_2\" class=\"wpforms-field-large wpforms-field-required\" name=\"wpforms[fields][2]\" placeholder=\"Correo electr\u00f3nico\" spellcheck=\"false\" aria-errormessage=\"wpforms-8037-field_2-error\" required><\/div><div id=\"wpforms-8037-field_6-container\" class=\"wpforms-field wpforms-field-password\" data-field-id=\"6\"><fieldset><legend class=\"wpforms-field-label\">Contrase\u00f1a <span class=\"wpforms-required-label\" aria-hidden=\"true\">*<\/span><\/legend><div class=\"wpforms-field-row wpforms-field-large\"><div class=\"wpforms-field-row-block wpforms-one-half wpforms-first\"><input type=\"password\" id=\"wpforms-8037-field_6\" class=\"wpforms-field-required wpforms-field-password-primary\" data-rule-password-strength=\"1\" data-password-strength-level=\"4\" name=\"wpforms[fields][6][primary]\" placeholder=\"Contrase\u00f1a\" spellcheck=\"false\" aria-errormessage=\"wpforms-8037-field_6-error\" required><label for=\"wpforms-8037-field_6\" class=\"wpforms-field-sublabel after wpforms-sublabel-hide\">Password<\/label><\/div><div class=\"wpforms-field-row-block wpforms-one-half\"><input type=\"password\" id=\"wpforms-8037-field_6-secondary\" class=\"wpforms-field-password-secondary wpforms-field-required\" data-rule-confirm=\"#wpforms-8037-field_6\" name=\"wpforms[fields][6][secondary]\" placeholder=\"Confirmar contrase\u00f1a\" spellcheck=\"false\" aria-errormessage=\"wpforms-8037-field_6-secondary-error\" required><label for=\"wpforms-8037-field_6-secondary\" class=\"wpforms-field-sublabel after wpforms-sublabel-hide\">Confirm Password<\/label><\/div><\/div><\/fieldset><\/div><\/div><!-- .wpforms-field-container --><div class=\"wpforms-recaptcha-container wpforms-is-recaptcha wpforms-is-recaptcha-type-v2\" ><div class=\"g-recaptcha\" data-sitekey=\"6Lf7hwUqAAAAACLjWiRLj-e8ggxaFeYsv8pfJrz7\"><\/div><input type=\"text\" name=\"g-recaptcha-hidden\" class=\"wpforms-recaptcha-hidden\" style=\"position:absolute!important;clip:rect(0,0,0,0)!important;height:1px!important;width:1px!important;border:0!important;overflow:hidden!important;padding:0!important;margin:0!important;\" data-rule-recaptcha=\"1\"><\/div><div class=\"wpforms-submit-container\" ><input type=\"hidden\" name=\"wpforms[id]\" value=\"8037\"><input type=\"hidden\" name=\"page_title\" value=\"\"><input type=\"hidden\" name=\"page_url\" value=\"https:\/\/unavainaverde.com\/en\/wp-json\/wp\/v2\/pages\/5370\"><button type=\"submit\" name=\"wpforms[submit]\" id=\"wpforms-submit-8037\" class=\"wpforms-submit\" data-alt-text=\"Enviando...\" data-submit-text=\"Registrarse\" aria-live=\"assertive\" value=\"wpforms-submit\">Registrarse<\/button><img decoding=\"async\" data-src=\"https:\/\/unavainaverde.com\/wp-content\/plugins\/wpforms\/assets\/images\/submit-spin.svg\" class=\"wpforms-submit-spinner lazyload\" style=\"--smush-placeholder-width: 26px; --smush-placeholder-aspect-ratio: 26\/26;display: none;\" width=\"26\" height=\"26\" alt=\"Loading\" src=\"data:image\/svg+xml;base64,PHN2ZyB3aWR0aD0iMSIgaGVpZ2h0PSIxIiB4bWxucz0iaHR0cDovL3d3dy53My5vcmcvMjAwMC9zdmciPjwvc3ZnPg==\"><\/div><input type=\"hidden\" name=\"trp-form-language\" value=\"en\"\/><\/form><\/div>  <!-- .wpforms-container -->\t\t\t\t<\/div>\n\t\t\t\t<\/div>\n\t\t\t\t<\/div>\n\t\t\t\t\t<\/div>\n\t\t<\/div>\n\t\t\t\t\t\t<\/div>\n\t\t\t\t<\/div>\n\t\t\t\t<\/div>\n\t\t\t\t<\/div>\n\t\t\t\t<\/div>\n\t\t\t\t<\/div>","protected":false},"excerpt":{"rendered":"<p>\u00a1\u00danete a nuestra comunidad hoy! Reg\u00edstrate para acceder a contenido exclusivo y ofertas especiales Iniciar sesi\u00f3n Registrarme Introduce los datos para ingresar a tu cuenta Est\u00e1s conectado como diana (Desconectar) [&hellip;]<\/p>","protected":false},"author":1,"featured_media":8066,"parent":0,"menu_order":14,"comment_status":"closed","ping_status":"closed","template":"elementor_header_footer","meta":{"_acf_changed":false,"_price":"","_stock":"","_tribe_ticket_header":"","_tribe_default_ticket_provider":"","_tribe_ticket_capacity":"0","_ticket_start_date":"","_ticket_end_date":"","_tribe_ticket_show_description":"","_tribe_ticket_show_not_going":false,"_tribe_ticket_use_global_stock":"","_tribe_ticket_global_stock_level":"","_global_stock_mode":"","_global_stock_cap":"","_tribe_rsvp_for_event":"","_tribe_ticket_going_count":"","_tribe_ticket_not_going_count":"","_tribe_tickets_list":"[]","_tribe_ticket_has_attendee_info_fields":false,"footnotes":""},"class_list":["post-5370","page","type-page","status-publish","has-post-thumbnail","hentry"],"acf":[],"yoast_head":"<!-- This site is optimized with the Yoast SEO plugin v27.4 - https:\/\/yoast.com\/product\/yoast-seo-wordpress\/ -->\n<title>Inicio de sesi\u00f3n - Una Vaina Verde<\/title>\n<meta name=\"description\" content=\"Somos una empresa social compuesta por consultores y educadores en sostenibilidad con pasio\u0301n por los negocios y el desarrollo sostenible.\" \/>\n<meta name=\"robots\" content=\"index, follow, max-snippet:-1, max-image-preview:large, max-video-preview:-1\" \/>\n<link rel=\"canonical\" href=\"https:\/\/unavainaverde.com\/en\/inicio-de-sesion\/\" \/>\n<meta property=\"og:locale\" content=\"en_US\" \/>\n<meta property=\"og:type\" content=\"article\" \/>\n<meta property=\"og:title\" content=\"Inicio de sesi\u00f3n - Una Vaina Verde\" \/>\n<meta property=\"og:description\" content=\"Somos una empresa social compuesta por consultores y educadores en sostenibilidad con pasio\u0301n por los negocios y el desarrollo sostenible.\" \/>\n<meta property=\"og:url\" content=\"https:\/\/unavainaverde.com\/en\/inicio-de-sesion\/\" \/>\n<meta property=\"og:site_name\" content=\"Una Vaina Verde\" \/>\n<meta property=\"article:publisher\" content=\"https:\/\/www.facebook.com\/unavainaverde\/\" \/>\n<meta property=\"article:modified_time\" content=\"2025-03-03T15:23:46+00:00\" \/>\n<meta property=\"og:image\" content=\"https:\/\/unavainaverde.com\/wp-content\/uploads\/port-UVV.jpg\" \/>\n\t<meta property=\"og:image:width\" content=\"1280\" \/>\n\t<meta property=\"og:image:height\" content=\"1280\" \/>\n\t<meta property=\"og:image:type\" content=\"image\/jpeg\" \/>\n<meta name=\"twitter:card\" content=\"summary_large_image\" \/>\n<meta name=\"twitter:label1\" content=\"Est. reading time\" \/>\n\t<meta name=\"twitter:data1\" content=\"1 minute\" \/>\n<script type=\"application\/ld+json\" class=\"yoast-schema-graph\">{\"@context\":\"https:\\\/\\\/schema.org\",\"@graph\":[{\"@type\":\"WebPage\",\"@id\":\"https:\\\/\\\/unavainaverde.com\\\/inicio-de-sesion\\\/\",\"url\":\"https:\\\/\\\/unavainaverde.com\\\/inicio-de-sesion\\\/\",\"name\":\"Inicio de sesi\u00f3n - Una Vaina Verde\",\"isPartOf\":{\"@id\":\"https:\\\/\\\/unavainaverde.com\\\/#website\"},\"primaryImageOfPage\":{\"@id\":\"https:\\\/\\\/unavainaverde.com\\\/inicio-de-sesion\\\/#primaryimage\"},\"image\":{\"@id\":\"https:\\\/\\\/unavainaverde.com\\\/inicio-de-sesion\\\/#primaryimage\"},\"thumbnailUrl\":\"https:\\\/\\\/unavainaverde.com\\\/wp-content\\\/uploads\\\/port-UVV.jpg\",\"datePublished\":\"2024-09-30T05:08:44+00:00\",\"dateModified\":\"2025-03-03T15:23:46+00:00\",\"description\":\"Somos una empresa social compuesta por consultores y educadores en sostenibilidad con pasio\u0301n por los negocios y el desarrollo sostenible.\",\"breadcrumb\":{\"@id\":\"https:\\\/\\\/unavainaverde.com\\\/inicio-de-sesion\\\/#breadcrumb\"},\"inLanguage\":\"en-US\",\"potentialAction\":[{\"@type\":\"ReadAction\",\"target\":[\"https:\\\/\\\/unavainaverde.com\\\/inicio-de-sesion\\\/\"]}]},{\"@type\":\"ImageObject\",\"inLanguage\":\"en-US\",\"@id\":\"https:\\\/\\\/unavainaverde.com\\\/inicio-de-sesion\\\/#primaryimage\",\"url\":\"https:\\\/\\\/unavainaverde.com\\\/wp-content\\\/uploads\\\/port-UVV.jpg\",\"contentUrl\":\"https:\\\/\\\/unavainaverde.com\\\/wp-content\\\/uploads\\\/port-UVV.jpg\",\"width\":1280,\"height\":1280,\"caption\":\"Una Vaina Verde\"},{\"@type\":\"BreadcrumbList\",\"@id\":\"https:\\\/\\\/unavainaverde.com\\\/inicio-de-sesion\\\/#breadcrumb\",\"itemListElement\":[{\"@type\":\"ListItem\",\"position\":1,\"name\":\"Portada\",\"item\":\"https:\\\/\\\/unavainaverde.com\\\/\"},{\"@type\":\"ListItem\",\"position\":2,\"name\":\"Inicio de sesi\u00f3n\"}]},{\"@type\":\"WebSite\",\"@id\":\"https:\\\/\\\/unavainaverde.com\\\/#website\",\"url\":\"https:\\\/\\\/unavainaverde.com\\\/\",\"name\":\"Una Vaina Verde\",\"description\":\"Una Vaina Verde\",\"publisher\":{\"@id\":\"https:\\\/\\\/unavainaverde.com\\\/#organization\"},\"alternateName\":\"Una Vaina Verde\",\"potentialAction\":[{\"@type\":\"SearchAction\",\"target\":{\"@type\":\"EntryPoint\",\"urlTemplate\":\"https:\\\/\\\/unavainaverde.com\\\/?s={search_term_string}\"},\"query-input\":{\"@type\":\"PropertyValueSpecification\",\"valueRequired\":true,\"valueName\":\"search_term_string\"}}],\"inLanguage\":\"en-US\"},{\"@type\":\"Organization\",\"@id\":\"https:\\\/\\\/unavainaverde.com\\\/#organization\",\"name\":\"Una Vaina Verde\",\"alternateName\":\"Una Vaina Verde\",\"url\":\"https:\\\/\\\/unavainaverde.com\\\/\",\"logo\":{\"@type\":\"ImageObject\",\"inLanguage\":\"en-US\",\"@id\":\"https:\\\/\\\/unavainaverde.com\\\/#\\\/schema\\\/logo\\\/image\\\/\",\"url\":\"https:\\\/\\\/unavainaverde.com\\\/wp-content\\\/uploads\\\/Corito-Verde-2024.png\",\"contentUrl\":\"https:\\\/\\\/unavainaverde.com\\\/wp-content\\\/uploads\\\/Corito-Verde-2024.png\",\"width\":1080,\"height\":1080,\"caption\":\"Una Vaina Verde\"},\"image\":{\"@id\":\"https:\\\/\\\/unavainaverde.com\\\/#\\\/schema\\\/logo\\\/image\\\/\"},\"sameAs\":[\"https:\\\/\\\/www.facebook.com\\\/unavainaverde\\\/\"]}]}<\/script>\n<!-- \/ Yoast SEO plugin. -->","yoast_head_json":{"title":"Inicio de sesi\u00f3n - Una Vaina Verde","description":"Somos una empresa social compuesta por consultores y educadores en sostenibilidad con pasio\u0301n por los negocios y el desarrollo sostenible.","robots":{"index":"index","follow":"follow","max-snippet":"max-snippet:-1","max-image-preview":"max-image-preview:large","max-video-preview":"max-video-preview:-1"},"canonical":"https:\/\/unavainaverde.com\/en\/inicio-de-sesion\/","og_locale":"en_US","og_type":"article","og_title":"Inicio de sesi\u00f3n - Una Vaina Verde","og_description":"Somos una empresa social compuesta por consultores y educadores en sostenibilidad con pasio\u0301n por los negocios y el desarrollo sostenible.","og_url":"https:\/\/unavainaverde.com\/en\/inicio-de-sesion\/","og_site_name":"Una Vaina Verde","article_publisher":"https:\/\/www.facebook.com\/unavainaverde\/","article_modified_time":"2025-03-03T15:23:46+00:00","og_image":[{"width":1280,"height":1280,"url":"https:\/\/unavainaverde.com\/wp-content\/uploads\/port-UVV.jpg","type":"image\/jpeg"}],"twitter_card":"summary_large_image","twitter_misc":{"Est. reading time":"1 minute"},"schema":{"@context":"https:\/\/schema.org","@graph":[{"@type":"WebPage","@id":"https:\/\/unavainaverde.com\/inicio-de-sesion\/","url":"https:\/\/unavainaverde.com\/inicio-de-sesion\/","name":"Inicio de sesi\u00f3n - Una Vaina Verde","isPartOf":{"@id":"https:\/\/unavainaverde.com\/#website"},"primaryImageOfPage":{"@id":"https:\/\/unavainaverde.com\/inicio-de-sesion\/#primaryimage"},"image":{"@id":"https:\/\/unavainaverde.com\/inicio-de-sesion\/#primaryimage"},"thumbnailUrl":"https:\/\/unavainaverde.com\/wp-content\/uploads\/port-UVV.jpg","datePublished":"2024-09-30T05:08:44+00:00","dateModified":"2025-03-03T15:23:46+00:00","description":"Somos una empresa social compuesta por consultores y educadores en sostenibilidad con pasio\u0301n por los negocios y el desarrollo sostenible.","breadcrumb":{"@id":"https:\/\/unavainaverde.com\/inicio-de-sesion\/#breadcrumb"},"inLanguage":"en-US","potentialAction":[{"@type":"ReadAction","target":["https:\/\/unavainaverde.com\/inicio-de-sesion\/"]}]},{"@type":"ImageObject","inLanguage":"en-US","@id":"https:\/\/unavainaverde.com\/inicio-de-sesion\/#primaryimage","url":"https:\/\/unavainaverde.com\/wp-content\/uploads\/port-UVV.jpg","contentUrl":"https:\/\/unavainaverde.com\/wp-content\/uploads\/port-UVV.jpg","width":1280,"height":1280,"caption":"Una Vaina Verde"},{"@type":"BreadcrumbList","@id":"https:\/\/unavainaverde.com\/inicio-de-sesion\/#breadcrumb","itemListElement":[{"@type":"ListItem","position":1,"name":"Portada","item":"https:\/\/unavainaverde.com\/"},{"@type":"ListItem","position":2,"name":"Inicio de sesi\u00f3n"}]},{"@type":"WebSite","@id":"https:\/\/unavainaverde.com\/#website","url":"https:\/\/unavainaverde.com\/","name":"Una Vaina Verde","description":"Una Vaina Verde","publisher":{"@id":"https:\/\/unavainaverde.com\/#organization"},"alternateName":"Una Vaina Verde","potentialAction":[{"@type":"SearchAction","target":{"@type":"EntryPoint","urlTemplate":"https:\/\/unavainaverde.com\/?s={search_term_string}"},"query-input":{"@type":"PropertyValueSpecification","valueRequired":true,"valueName":"search_term_string"}}],"inLanguage":"en-US"},{"@type":"Organization","@id":"https:\/\/unavainaverde.com\/#organization","name":"Una Vaina Verde","alternateName":"Una Vaina Verde","url":"https:\/\/unavainaverde.com\/","logo":{"@type":"ImageObject","inLanguage":"en-US","@id":"https:\/\/unavainaverde.com\/#\/schema\/logo\/image\/","url":"https:\/\/unavainaverde.com\/wp-content\/uploads\/Corito-Verde-2024.png","contentUrl":"https:\/\/unavainaverde.com\/wp-content\/uploads\/Corito-Verde-2024.png","width":1080,"height":1080,"caption":"Una Vaina Verde"},"image":{"@id":"https:\/\/unavainaverde.com\/#\/schema\/logo\/image\/"},"sameAs":["https:\/\/www.facebook.com\/unavainaverde\/"]}]}},"_links":{"self":[{"href":"https:\/\/unavainaverde.com\/en\/wp-json\/wp\/v2\/pages\/5370","targetHints":{"allow":["GET"]}}],"collection":[{"href":"https:\/\/unavainaverde.com\/en\/wp-json\/wp\/v2\/pages"}],"about":[{"href":"https:\/\/unavainaverde.com\/en\/wp-json\/wp\/v2\/types\/page"}],"author":[{"embeddable":true,"href":"https:\/\/unavainaverde.com\/en\/wp-json\/wp\/v2\/users\/1"}],"replies":[{"embeddable":true,"href":"https:\/\/unavainaverde.com\/en\/wp-json\/wp\/v2\/comments?post=5370"}],"version-history":[{"count":38,"href":"https:\/\/unavainaverde.com\/en\/wp-json\/wp\/v2\/pages\/5370\/revisions"}],"predecessor-version":[{"id":10226,"href":"https:\/\/unavainaverde.com\/en\/wp-json\/wp\/v2\/pages\/5370\/revisions\/10226"}],"wp:featuredmedia":[{"embeddable":true,"href":"https:\/\/unavainaverde.com\/en\/wp-json\/wp\/v2\/media\/8066"}],"wp:attachment":[{"href":"https:\/\/unavainaverde.com\/en\/wp-json\/wp\/v2\/media?parent=5370"}],"curies":[{"name":"wp","href":"https:\/\/api.w.org\/{rel}","templated":true}]}}