{"id":3891,"date":"2024-09-13T15:41:56","date_gmt":"2024-09-13T19:41:56","guid":{"rendered":"https:\/\/unavainaverde.com\/?page_id=3891"},"modified":"2025-01-28T20:40:09","modified_gmt":"2025-01-29T00:40:09","slug":"coming-soon","status":"publish","type":"page","link":"https:\/\/unavainaverde.com\/en\/coming-soon\/","title":{"rendered":"Coming Soon"},"content":{"rendered":"<div data-elementor-type=\"wp-page\" data-elementor-id=\"3891\" class=\"elementor elementor-3891\" data-elementor-post-type=\"page\">\n\t\t\t\t<div class=\"elementor-element elementor-element-4ded5e87 e-con-full e-flex e-con e-parent\" data-id=\"4ded5e87\" data-element_type=\"container\" data-settings=\"{&quot;background_background&quot;:&quot;classic&quot;,&quot;jet_parallax_layout_list&quot;:[]}\">\n\t\t\t\t<div class=\"elementor-element elementor-element-5e97cf0 elementor-widget__width-initial elementor-widget elementor-widget-image\" data-id=\"5e97cf0\" data-element_type=\"widget\" data-widget_type=\"image.default\">\n\t\t\t\t<div class=\"elementor-widget-container\">\n\t\t\t\t\t\t\t\t\t\t\t\t\t\t\t\t<a href=\"https:\/\/unavainaverde.com\/en\">\n\t\t\t\t\t\t\t<img decoding=\"async\" width=\"171\" height=\"83\" data-src=\"https:\/\/unavainaverde.com\/wp-content\/uploads\/Una-Vaina-Verde-Logo.png\" class=\"attachment-large size-large wp-image-97 lazyload\" alt=\"\" src=\"data:image\/svg+xml;base64,PHN2ZyB3aWR0aD0iMSIgaGVpZ2h0PSIxIiB4bWxucz0iaHR0cDovL3d3dy53My5vcmcvMjAwMC9zdmciPjwvc3ZnPg==\" style=\"--smush-placeholder-width: 171px; --smush-placeholder-aspect-ratio: 171\/83;\" \/>\t\t\t\t\t\t\t\t<\/a>\n\t\t\t\t\t\t\t\t\t\t\t\t\t\t\t<\/div>\n\t\t\t\t<\/div>\n\t\t\t\t<div class=\"elementor-element elementor-element-1ab3d56b elementor-widget elementor-widget-heading\" data-id=\"1ab3d56b\" data-element_type=\"widget\" data-widget_type=\"heading.default\">\n\t\t\t\t<div class=\"elementor-widget-container\">\n\t\t\t\t\t<h1 class=\"elementor-heading-title elementor-size-default\">\u00a1En Mantenimiento!<\/h1>\t\t\t\t<\/div>\n\t\t\t\t<\/div>\n\t\t\t\t<div class=\"elementor-element elementor-element-44f674d9 elementor-widget__width-initial elementor-widget elementor-widget-text-editor\" data-id=\"44f674d9\" data-element_type=\"widget\" data-widget_type=\"text-editor.default\">\n\t\t\t\t<div class=\"elementor-widget-container\">\n\t\t\t\t\t\t\t\t\t<p>Actualmente estamos redise\u00f1ado la p\u00e1gina web de Una Vaina Verde para mejorar la experiencia de usuario.<\/p><p>Mientras tanto, puedes descargar nuestro cat\u00e1logo de servicios para que conozcas las vainas que hacemos.<\/p>\t\t\t\t\t\t\t\t<\/div>\n\t\t\t\t<\/div>\n\t\t\t\t<div class=\"elementor-element elementor-element-3f2d2c5f elementor-widget elementor-widget-button\" data-id=\"3f2d2c5f\" data-element_type=\"widget\" data-widget_type=\"button.default\">\n\t\t\t\t<div class=\"elementor-widget-container\">\n\t\t\t\t\t\t\t\t\t<div class=\"elementor-button-wrapper\">\n\t\t\t\t\t<a class=\"elementor-button elementor-button-link elementor-size-sm\" href=\"#elementor-action%3Aaction%3Dpopup%3Aopen%26settings%3DeyJpZCI6IjM4OTMiLCJ0b2dnbGUiOmZhbHNlfQ%3D%3D\">\n\t\t\t\t\t\t<span class=\"elementor-button-content-wrapper\">\n\t\t\t\t\t\t<span class=\"elementor-button-icon\">\n\t\t\t\t<svg xmlns=\"http:\/\/www.w3.org\/2000\/svg\" width=\"15\" height=\"16\" viewbox=\"0 0 15 16\" fill=\"none\"><path d=\"M1 6.2125C2.8 7.6435 4.3705 9.3535 5.569 11.314C6.4675 12.784 7.33 14.566 7.33 16M7.33 16C7.33 14.566 8.1925 12.7825 9.091 11.314C10.291 9.3535 11.8615 7.6435 13.6585 6.2125M7.33 16L7.33 -4.09139e-06\" stroke=\"white\" stroke-width=\"2\"><\/path><\/svg>\t\t\t<\/span>\n\t\t\t\t\t\t\t\t\t<span class=\"elementor-button-text\">Descargar ahora<\/span>\n\t\t\t\t\t<\/span>\n\t\t\t\t\t<\/a>\n\t\t\t\t<\/div>\n\t\t\t\t\t\t\t\t<\/div>\n\t\t\t\t<\/div>\n\t\t\t\t<div class=\"elementor-element elementor-element-ea0acb5 elementor-shape-circle e-grid-align-left e-grid-align-mobile-center elementor-grid-0 elementor-widget elementor-widget-social-icons\" data-id=\"ea0acb5\" data-element_type=\"widget\" data-widget_type=\"social-icons.default\">\n\t\t\t\t<div class=\"elementor-widget-container\">\n\t\t\t\t\t\t\t<div class=\"elementor-social-icons-wrapper elementor-grid\" role=\"list\">\n\t\t\t\t\t\t\t<span class=\"elementor-grid-item\" role=\"listitem\">\n\t\t\t\t\t<a class=\"elementor-icon elementor-social-icon elementor-social-icon-mobile-alt elementor-animation-pop elementor-repeater-item-2933ace\" href=\"tel:18293245526\" target=\"_blank\">\n\t\t\t\t\t\t<span class=\"elementor-screen-only\">Mobile-alt<\/span>\n\t\t\t\t\t\t<svg aria-hidden=\"true\" class=\"e-font-icon-svg e-fas-mobile-alt\" viewbox=\"0 0 320 512\" xmlns=\"http:\/\/www.w3.org\/2000\/svg\"><path d=\"M272 0H48C21.5 0 0 21.5 0 48v416c0 26.5 21.5 48 48 48h224c26.5 0 48-21.5 48-48V48c0-26.5-21.5-48-48-48zM160 480c-17.7 0-32-14.3-32-32s14.3-32 32-32 32 14.3 32 32-14.3 32-32 32zm112-108c0 6.6-5.4 12-12 12H60c-6.6 0-12-5.4-12-12V60c0-6.6 5.4-12 12-12h200c6.6 0 12 5.4 12 12v312z\"><\/path><\/svg>\t\t\t\t\t<\/a>\n\t\t\t\t<\/span>\n\t\t\t\t\t\t\t<span class=\"elementor-grid-item\" role=\"listitem\">\n\t\t\t\t\t<a class=\"elementor-icon elementor-social-icon elementor-social-icon-envelope elementor-animation-pop elementor-repeater-item-099cd76\" href=\"mailto:eventos@unavainaverde.com\" target=\"_blank\">\n\t\t\t\t\t\t<span class=\"elementor-screen-only\">Envelope<\/span>\n\t\t\t\t\t\t<svg aria-hidden=\"true\" class=\"e-font-icon-svg e-fas-envelope\" viewbox=\"0 0 512 512\" xmlns=\"http:\/\/www.w3.org\/2000\/svg\"><path d=\"M502.3 190.8c3.9-3.1 9.7-.2 9.7 4.7V400c0 26.5-21.5 48-48 48H48c-26.5 0-48-21.5-48-48V195.6c0-5 5.7-7.8 9.7-4.7 22.4 17.4 52.1 39.5 154.1 113.6 21.1 15.4 56.7 47.8 92.2 47.6 35.7.3 72-32.8 92.3-47.6 102-74.1 131.6-96.3 154-113.7zM256 320c23.2.4 56.6-29.2 73.4-41.4 132.7-96.3 142.8-104.7 173.4-128.7 5.8-4.5 9.2-11.5 9.2-18.9v-19c0-26.5-21.5-48-48-48H48C21.5 64 0 85.5 0 112v19c0 7.4 3.4 14.3 9.2 18.9 30.6 23.9 40.7 32.4 173.4 128.7 16.8 12.2 50.2 41.8 73.4 41.4z\"><\/path><\/svg>\t\t\t\t\t<\/a>\n\t\t\t\t<\/span>\n\t\t\t\t\t\t\t<span class=\"elementor-grid-item\" role=\"listitem\">\n\t\t\t\t\t<a class=\"elementor-icon elementor-social-icon elementor-social-icon-map-marker-alt elementor-animation-pop elementor-repeater-item-46c01c7\" href=\"https:\/\/maps.app.goo.gl\/oGDmtR6zLEZhhPoC9\" target=\"_blank\">\n\t\t\t\t\t\t<span class=\"elementor-screen-only\">Map-marker-alt<\/span>\n\t\t\t\t\t\t<svg aria-hidden=\"true\" class=\"e-font-icon-svg e-fas-map-marker-alt\" viewbox=\"0 0 384 512\" xmlns=\"http:\/\/www.w3.org\/2000\/svg\"><path d=\"M172.268 501.67C26.97 291.031 0 269.413 0 192 0 85.961 85.961 0 192 0s192 85.961 192 192c0 77.413-26.97 99.031-172.268 309.67-9.535 13.774-29.93 13.773-39.464 0zM192 272c44.183 0 80-35.817 80-80s-35.817-80-80-80-80 35.817-80 80 35.817 80 80 80z\"><\/path><\/svg>\t\t\t\t\t<\/a>\n\t\t\t\t<\/span>\n\t\t\t\t\t\t\t<span class=\"elementor-grid-item\" role=\"listitem\">\n\t\t\t\t\t<a class=\"elementor-icon elementor-social-icon elementor-social-icon-instagram elementor-animation-pop elementor-repeater-item-e2cc41f\" href=\"https:\/\/www.instagram.com\/unavainaverde\/\" target=\"_blank\">\n\t\t\t\t\t\t<span class=\"elementor-screen-only\">Instagram<\/span>\n\t\t\t\t\t\t<svg aria-hidden=\"true\" class=\"e-font-icon-svg e-fab-instagram\" viewbox=\"0 0 448 512\" xmlns=\"http:\/\/www.w3.org\/2000\/svg\"><path d=\"M224.1 141c-63.6 0-114.9 51.3-114.9 114.9s51.3 114.9 114.9 114.9S339 319.5 339 255.9 287.7 141 224.1 141zm0 189.6c-41.1 0-74.7-33.5-74.7-74.7s33.5-74.7 74.7-74.7 74.7 33.5 74.7 74.7-33.6 74.7-74.7 74.7zm146.4-194.3c0 14.9-12 26.8-26.8 26.8-14.9 0-26.8-12-26.8-26.8s12-26.8 26.8-26.8 26.8 12 26.8 26.8zm76.1 27.2c-1.7-35.9-9.9-67.7-36.2-93.9-26.2-26.2-58-34.4-93.9-36.2-37-2.1-147.9-2.1-184.9 0-35.8 1.7-67.6 9.9-93.9 36.1s-34.4 58-36.2 93.9c-2.1 37-2.1 147.9 0 184.9 1.7 35.9 9.9 67.7 36.2 93.9s58 34.4 93.9 36.2c37 2.1 147.9 2.1 184.9 0 35.9-1.7 67.7-9.9 93.9-36.2 26.2-26.2 34.4-58 36.2-93.9 2.1-37 2.1-147.8 0-184.8zM398.8 388c-7.8 19.6-22.9 34.7-42.6 42.6-29.5 11.7-99.5 9-132.1 9s-102.7 2.6-132.1-9c-19.6-7.8-34.7-22.9-42.6-42.6-11.7-29.5-9-99.5-9-132.1s-2.6-102.7 9-132.1c7.8-19.6 22.9-34.7 42.6-42.6 29.5-11.7 99.5-9 132.1-9s102.7-2.6 132.1 9c19.6 7.8 34.7 22.9 42.6 42.6 11.7 29.5 9 99.5 9 132.1s2.7 102.7-9 132.1z\"><\/path><\/svg>\t\t\t\t\t<\/a>\n\t\t\t\t<\/span>\n\t\t\t\t\t\t\t<span class=\"elementor-grid-item\" role=\"listitem\">\n\t\t\t\t\t<a class=\"elementor-icon elementor-social-icon elementor-social-icon-youtube elementor-animation-pop elementor-repeater-item-aa8280f\" href=\"http:\/\/www.youtube.com\/@unavainaverde\" target=\"_blank\">\n\t\t\t\t\t\t<span class=\"elementor-screen-only\">Youtube<\/span>\n\t\t\t\t\t\t<svg aria-hidden=\"true\" class=\"e-font-icon-svg e-fab-youtube\" viewbox=\"0 0 576 512\" xmlns=\"http:\/\/www.w3.org\/2000\/svg\"><path d=\"M549.655 124.083c-6.281-23.65-24.787-42.276-48.284-48.597C458.781 64 288 64 288 64S117.22 64 74.629 75.486c-23.497 6.322-42.003 24.947-48.284 48.597-11.412 42.867-11.412 132.305-11.412 132.305s0 89.438 11.412 132.305c6.281 23.65 24.787 41.5 48.284 47.821C117.22 448 288 448 288 448s170.78 0 213.371-11.486c23.497-6.321 42.003-24.171 48.284-47.821 11.412-42.867 11.412-132.305 11.412-132.305s0-89.438-11.412-132.305zm-317.51 213.508V175.185l142.739 81.205-142.739 81.201z\"><\/path><\/svg>\t\t\t\t\t<\/a>\n\t\t\t\t<\/span>\n\t\t\t\t\t\t\t<span class=\"elementor-grid-item\" role=\"listitem\">\n\t\t\t\t\t<a class=\"elementor-icon elementor-social-icon elementor-social-icon-spotify elementor-animation-pop elementor-repeater-item-503701e\" href=\"https:\/\/open.spotify.com\/show\/7drM2yOHRQLqysZmTPRo5N?si=6ee567731efd4296\" target=\"_blank\">\n\t\t\t\t\t\t<span class=\"elementor-screen-only\">Spotify<\/span>\n\t\t\t\t\t\t<svg aria-hidden=\"true\" class=\"e-font-icon-svg e-fab-spotify\" viewbox=\"0 0 496 512\" xmlns=\"http:\/\/www.w3.org\/2000\/svg\"><path d=\"M248 8C111.1 8 0 119.1 0 256s111.1 248 248 248 248-111.1 248-248S384.9 8 248 8zm100.7 364.9c-4.2 0-6.8-1.3-10.7-3.6-62.4-37.6-135-39.2-206.7-24.5-3.9 1-9 2.6-11.9 2.6-9.7 0-15.8-7.7-15.8-15.8 0-10.3 6.1-15.2 13.6-16.8 81.9-18.1 165.6-16.5 237 26.2 6.1 3.9 9.7 7.4 9.7 16.5s-7.1 15.4-15.2 15.4zm26.9-65.6c-5.2 0-8.7-2.3-12.3-4.2-62.5-37-155.7-51.9-238.6-29.4-4.8 1.3-7.4 2.6-11.9 2.6-10.7 0-19.4-8.7-19.4-19.4s5.2-17.8 15.5-20.7c27.8-7.8 56.2-13.6 97.8-13.6 64.9 0 127.6 16.1 177 45.5 8.1 4.8 11.3 11 11.3 19.7-.1 10.8-8.5 19.5-19.4 19.5zm31-76.2c-5.2 0-8.4-1.3-12.9-3.9-71.2-42.5-198.5-52.7-280.9-29.7-3.6 1-8.1 2.6-12.9 2.6-13.2 0-23.3-10.3-23.3-23.6 0-13.6 8.4-21.3 17.4-23.9 35.2-10.3 74.6-15.2 117.5-15.2 73 0 149.5 15.2 205.4 47.8 7.8 4.5 12.9 10.7 12.9 22.6 0 13.6-11 23.3-23.2 23.3z\"><\/path><\/svg>\t\t\t\t\t<\/a>\n\t\t\t\t<\/span>\n\t\t\t\t\t\t\t<span class=\"elementor-grid-item\" role=\"listitem\">\n\t\t\t\t\t<a class=\"elementor-icon elementor-social-icon elementor-social-icon-linkedin-in elementor-animation-pop elementor-repeater-item-222d870\" href=\"https:\/\/open.spotify.com\/show\/7drM2yOHRQLqysZmTPRo5N?si=6ee567731efd4296\" target=\"_blank\">\n\t\t\t\t\t\t<span class=\"elementor-screen-only\">Linkedin-in<\/span>\n\t\t\t\t\t\t<svg aria-hidden=\"true\" class=\"e-font-icon-svg e-fab-linkedin-in\" viewbox=\"0 0 448 512\" xmlns=\"http:\/\/www.w3.org\/2000\/svg\"><path d=\"M100.28 448H7.4V148.9h92.88zM53.79 108.1C24.09 108.1 0 83.5 0 53.8a53.79 53.79 0 0 1 107.58 0c0 29.7-24.1 54.3-53.79 54.3zM447.9 448h-92.68V302.4c0-34.7-.7-79.2-48.29-79.2-48.29 0-55.69 37.7-55.69 76.7V448h-92.78V148.9h89.08v40.8h1.3c12.4-23.5 42.69-48.3 87.88-48.3 94 0 111.28 61.9 111.28 142.3V448z\"><\/path><\/svg>\t\t\t\t\t<\/a>\n\t\t\t\t<\/span>\n\t\t\t\t\t\t\t<span class=\"elementor-grid-item\" role=\"listitem\">\n\t\t\t\t\t<a class=\"elementor-icon elementor-social-icon elementor-social-icon-tiktok elementor-animation-pop elementor-repeater-item-90e35de\" href=\"https:\/\/www.tiktok.com\/@unavainaverde\" target=\"_blank\">\n\t\t\t\t\t\t<span class=\"elementor-screen-only\">Tiktok<\/span>\n\t\t\t\t\t\t<svg aria-hidden=\"true\" class=\"e-font-icon-svg e-fab-tiktok\" viewbox=\"0 0 448 512\" xmlns=\"http:\/\/www.w3.org\/2000\/svg\"><path d=\"M448,209.91a210.06,210.06,0,0,1-122.77-39.25V349.38A162.55,162.55,0,1,1,185,188.31V278.2a74.62,74.62,0,1,0,52.23,71.18V0l88,0a121.18,121.18,0,0,0,1.86,22.17h0A122.18,122.18,0,0,0,381,102.39a121.43,121.43,0,0,0,67,20.14Z\"><\/path><\/svg>\t\t\t\t\t<\/a>\n\t\t\t\t<\/span>\n\t\t\t\t\t\t\t<span class=\"elementor-grid-item\" role=\"listitem\">\n\t\t\t\t\t<a class=\"elementor-icon elementor-social-icon elementor-social-icon-facebook-f elementor-animation-pop elementor-repeater-item-e8da52c\" href=\"https:\/\/www.facebook.com\/unavainaverde\" target=\"_blank\">\n\t\t\t\t\t\t<span class=\"elementor-screen-only\">Facebook-f<\/span>\n\t\t\t\t\t\t<svg aria-hidden=\"true\" class=\"e-font-icon-svg e-fab-facebook-f\" viewbox=\"0 0 320 512\" xmlns=\"http:\/\/www.w3.org\/2000\/svg\"><path d=\"M279.14 288l14.22-92.66h-88.91v-60.13c0-25.35 12.42-50.06 52.24-50.06h40.42V6.26S260.43 0 225.36 0c-73.22 0-121.08 44.38-121.08 124.72v70.62H22.89V288h81.39v224h100.17V288z\"><\/path><\/svg>\t\t\t\t\t<\/a>\n\t\t\t\t<\/span>\n\t\t\t\t\t\t\t<span class=\"elementor-grid-item\" role=\"listitem\">\n\t\t\t\t\t<a class=\"elementor-icon elementor-social-icon elementor-social-icon-x-twitter elementor-animation-pop elementor-repeater-item-e318ffd\" href=\"https:\/\/twitter.com\/unavainaverde\" target=\"_blank\">\n\t\t\t\t\t\t<span class=\"elementor-screen-only\">X-twitter<\/span>\n\t\t\t\t\t\t<svg aria-hidden=\"true\" class=\"e-font-icon-svg e-fab-x-twitter\" viewbox=\"0 0 512 512\" xmlns=\"http:\/\/www.w3.org\/2000\/svg\"><path d=\"M389.2 48h70.6L305.6 224.2 487 464H345L233.7 318.6 106.5 464H35.8L200.7 275.5 26.8 48H172.4L272.9 180.9 389.2 48zM364.4 421.8h39.1L151.1 88h-42L364.4 421.8z\"><\/path><\/svg>\t\t\t\t\t<\/a>\n\t\t\t\t<\/span>\n\t\t\t\t\t<\/div>\n\t\t\t\t\t\t<\/div>\n\t\t\t\t<\/div>\n\t\t\t\t<\/div>\n\t\t\t\t<\/div>","protected":false},"excerpt":{"rendered":"<p>\u00a1En Mantenimiento! Actualmente estamos redise\u00f1ado la p\u00e1gina web de Una Vaina Verde para mejorar la experiencia de usuario. Mientras tanto, puedes descargar nuestro cat\u00e1logo de servicios para que conozcas las vainas que hacemos. Descargar ahora Mobile-alt Envelope Map-marker-alt Instagram Youtube Spotify Linkedin-in Tiktok Facebook-f X-twitter<\/p>","protected":false},"author":1,"featured_media":8066,"parent":0,"menu_order":32,"comment_status":"closed","ping_status":"closed","template":"elementor_header_footer","meta":{"_acf_changed":false,"_price":"","_stock":"","_tribe_ticket_header":"","_tribe_default_ticket_provider":"","_tribe_ticket_capacity":"0","_ticket_start_date":"","_ticket_end_date":"","_tribe_ticket_show_description":"","_tribe_ticket_show_not_going":false,"_tribe_ticket_use_global_stock":"","_tribe_ticket_global_stock_level":"","_global_stock_mode":"","_global_stock_cap":"","_tribe_rsvp_for_event":"","_tribe_ticket_going_count":"","_tribe_ticket_not_going_count":"","_tribe_tickets_list":"[]","_tribe_ticket_has_attendee_info_fields":false,"footnotes":""},"class_list":["post-3891","page","type-page","status-publish","has-post-thumbnail","hentry"],"acf":[],"yoast_head":"<!-- This site is optimized with the Yoast SEO plugin v25.5 - https:\/\/yoast.com\/wordpress\/plugins\/seo\/ -->\n<title>Coming Soon - Una Vaina Verde<\/title>\n<meta name=\"description\" content=\"Somos una empresa social compuesta por consultores y educadores en sostenibilidad con pasio\u0301n por los negocios y el desarrollo sostenible.\" \/>\n<meta name=\"robots\" content=\"index, follow, max-snippet:-1, max-image-preview:large, max-video-preview:-1\" \/>\n<link rel=\"canonical\" href=\"https:\/\/unavainaverde.com\/en\/coming-soon\/\" \/>\n<meta property=\"og:locale\" content=\"en_US\" \/>\n<meta property=\"og:type\" content=\"article\" \/>\n<meta property=\"og:title\" content=\"Coming Soon - Una Vaina Verde\" \/>\n<meta property=\"og:description\" content=\"Somos una empresa social compuesta por consultores y educadores en sostenibilidad con pasio\u0301n por los negocios y el desarrollo sostenible.\" \/>\n<meta property=\"og:url\" content=\"https:\/\/unavainaverde.com\/en\/coming-soon\/\" \/>\n<meta property=\"og:site_name\" content=\"Una Vaina Verde\" \/>\n<meta property=\"article:publisher\" content=\"https:\/\/www.facebook.com\/unavainaverde\/\" \/>\n<meta property=\"article:modified_time\" content=\"2025-01-29T00:40:09+00:00\" \/>\n<meta property=\"og:image\" content=\"https:\/\/unavainaverde.com\/wp-content\/uploads\/port-UVV.jpg\" \/>\n\t<meta property=\"og:image:width\" content=\"1280\" \/>\n\t<meta property=\"og:image:height\" content=\"1280\" \/>\n\t<meta property=\"og:image:type\" content=\"image\/jpeg\" \/>\n<meta name=\"twitter:card\" content=\"summary_large_image\" \/>\n<meta name=\"twitter:label1\" content=\"Est. reading time\" \/>\n\t<meta name=\"twitter:data1\" content=\"1 minute\" \/>\n<script type=\"application\/ld+json\" class=\"yoast-schema-graph\">{\"@context\":\"https:\/\/schema.org\",\"@graph\":[{\"@type\":\"WebPage\",\"@id\":\"https:\/\/unavainaverde.com\/coming-soon\/\",\"url\":\"https:\/\/unavainaverde.com\/coming-soon\/\",\"name\":\"Coming Soon - Una Vaina Verde\",\"isPartOf\":{\"@id\":\"https:\/\/unavainaverde.com\/#website\"},\"primaryImageOfPage\":{\"@id\":\"https:\/\/unavainaverde.com\/coming-soon\/#primaryimage\"},\"image\":{\"@id\":\"https:\/\/unavainaverde.com\/coming-soon\/#primaryimage\"},\"thumbnailUrl\":\"https:\/\/unavainaverde.com\/wp-content\/uploads\/port-UVV.jpg\",\"datePublished\":\"2024-09-13T19:41:56+00:00\",\"dateModified\":\"2025-01-29T00:40:09+00:00\",\"description\":\"Somos una empresa social compuesta por consultores y educadores en sostenibilidad con pasio\u0301n por los negocios y el desarrollo sostenible.\",\"breadcrumb\":{\"@id\":\"https:\/\/unavainaverde.com\/coming-soon\/#breadcrumb\"},\"inLanguage\":\"en-US\",\"potentialAction\":[{\"@type\":\"ReadAction\",\"target\":[\"https:\/\/unavainaverde.com\/coming-soon\/\"]}]},{\"@type\":\"ImageObject\",\"inLanguage\":\"en-US\",\"@id\":\"https:\/\/unavainaverde.com\/coming-soon\/#primaryimage\",\"url\":\"https:\/\/unavainaverde.com\/wp-content\/uploads\/port-UVV.jpg\",\"contentUrl\":\"https:\/\/unavainaverde.com\/wp-content\/uploads\/port-UVV.jpg\",\"width\":1280,\"height\":1280,\"caption\":\"Una Vaina Verde\"},{\"@type\":\"BreadcrumbList\",\"@id\":\"https:\/\/unavainaverde.com\/coming-soon\/#breadcrumb\",\"itemListElement\":[{\"@type\":\"ListItem\",\"position\":1,\"name\":\"Portada\",\"item\":\"https:\/\/unavainaverde.com\/\"},{\"@type\":\"ListItem\",\"position\":2,\"name\":\"Coming Soon\"}]},{\"@type\":\"WebSite\",\"@id\":\"https:\/\/unavainaverde.com\/#website\",\"url\":\"https:\/\/unavainaverde.com\/\",\"name\":\"Una Vaina Verde\",\"description\":\"Una Vaina Verde\",\"publisher\":{\"@id\":\"https:\/\/unavainaverde.com\/#organization\"},\"alternateName\":\"Una Vaina Verde\",\"potentialAction\":[{\"@type\":\"SearchAction\",\"target\":{\"@type\":\"EntryPoint\",\"urlTemplate\":\"https:\/\/unavainaverde.com\/?s={search_term_string}\"},\"query-input\":{\"@type\":\"PropertyValueSpecification\",\"valueRequired\":true,\"valueName\":\"search_term_string\"}}],\"inLanguage\":\"en-US\"},{\"@type\":\"Organization\",\"@id\":\"https:\/\/unavainaverde.com\/#organization\",\"name\":\"Una Vaina Verde\",\"alternateName\":\"Una Vaina Verde\",\"url\":\"https:\/\/unavainaverde.com\/\",\"logo\":{\"@type\":\"ImageObject\",\"inLanguage\":\"en-US\",\"@id\":\"https:\/\/unavainaverde.com\/#\/schema\/logo\/image\/\",\"url\":\"https:\/\/unavainaverde.com\/wp-content\/uploads\/Corito-Verde-2024.png\",\"contentUrl\":\"https:\/\/unavainaverde.com\/wp-content\/uploads\/Corito-Verde-2024.png\",\"width\":1080,\"height\":1080,\"caption\":\"Una Vaina Verde\"},\"image\":{\"@id\":\"https:\/\/unavainaverde.com\/#\/schema\/logo\/image\/\"},\"sameAs\":[\"https:\/\/www.facebook.com\/unavainaverde\/\"]}]}<\/script>\n<!-- \/ Yoast SEO plugin. -->","yoast_head_json":{"title":"Coming Soon - Una Vaina Verde","description":"Somos una empresa social compuesta por consultores y educadores en sostenibilidad con pasio\u0301n por los negocios y el desarrollo sostenible.","robots":{"index":"index","follow":"follow","max-snippet":"max-snippet:-1","max-image-preview":"max-image-preview:large","max-video-preview":"max-video-preview:-1"},"canonical":"https:\/\/unavainaverde.com\/en\/coming-soon\/","og_locale":"en_US","og_type":"article","og_title":"Coming Soon - Una Vaina Verde","og_description":"Somos una empresa social compuesta por consultores y educadores en sostenibilidad con pasio\u0301n por los negocios y el desarrollo sostenible.","og_url":"https:\/\/unavainaverde.com\/en\/coming-soon\/","og_site_name":"Una Vaina Verde","article_publisher":"https:\/\/www.facebook.com\/unavainaverde\/","article_modified_time":"2025-01-29T00:40:09+00:00","og_image":[{"width":1280,"height":1280,"url":"https:\/\/unavainaverde.com\/wp-content\/uploads\/port-UVV.jpg","type":"image\/jpeg"}],"twitter_card":"summary_large_image","twitter_misc":{"Est. reading time":"1 minute"},"schema":{"@context":"https:\/\/schema.org","@graph":[{"@type":"WebPage","@id":"https:\/\/unavainaverde.com\/coming-soon\/","url":"https:\/\/unavainaverde.com\/coming-soon\/","name":"Coming Soon - Una Vaina Verde","isPartOf":{"@id":"https:\/\/unavainaverde.com\/#website"},"primaryImageOfPage":{"@id":"https:\/\/unavainaverde.com\/coming-soon\/#primaryimage"},"image":{"@id":"https:\/\/unavainaverde.com\/coming-soon\/#primaryimage"},"thumbnailUrl":"https:\/\/unavainaverde.com\/wp-content\/uploads\/port-UVV.jpg","datePublished":"2024-09-13T19:41:56+00:00","dateModified":"2025-01-29T00:40:09+00:00","description":"Somos una empresa social compuesta por consultores y educadores en sostenibilidad con pasio\u0301n por los negocios y el desarrollo sostenible.","breadcrumb":{"@id":"https:\/\/unavainaverde.com\/coming-soon\/#breadcrumb"},"inLanguage":"en-US","potentialAction":[{"@type":"ReadAction","target":["https:\/\/unavainaverde.com\/coming-soon\/"]}]},{"@type":"ImageObject","inLanguage":"en-US","@id":"https:\/\/unavainaverde.com\/coming-soon\/#primaryimage","url":"https:\/\/unavainaverde.com\/wp-content\/uploads\/port-UVV.jpg","contentUrl":"https:\/\/unavainaverde.com\/wp-content\/uploads\/port-UVV.jpg","width":1280,"height":1280,"caption":"Una Vaina Verde"},{"@type":"BreadcrumbList","@id":"https:\/\/unavainaverde.com\/coming-soon\/#breadcrumb","itemListElement":[{"@type":"ListItem","position":1,"name":"Portada","item":"https:\/\/unavainaverde.com\/"},{"@type":"ListItem","position":2,"name":"Coming Soon"}]},{"@type":"WebSite","@id":"https:\/\/unavainaverde.com\/#website","url":"https:\/\/unavainaverde.com\/","name":"Una Vaina Verde","description":"Una Vaina Verde","publisher":{"@id":"https:\/\/unavainaverde.com\/#organization"},"alternateName":"Una Vaina Verde","potentialAction":[{"@type":"SearchAction","target":{"@type":"EntryPoint","urlTemplate":"https:\/\/unavainaverde.com\/?s={search_term_string}"},"query-input":{"@type":"PropertyValueSpecification","valueRequired":true,"valueName":"search_term_string"}}],"inLanguage":"en-US"},{"@type":"Organization","@id":"https:\/\/unavainaverde.com\/#organization","name":"Una Vaina Verde","alternateName":"Una Vaina Verde","url":"https:\/\/unavainaverde.com\/","logo":{"@type":"ImageObject","inLanguage":"en-US","@id":"https:\/\/unavainaverde.com\/#\/schema\/logo\/image\/","url":"https:\/\/unavainaverde.com\/wp-content\/uploads\/Corito-Verde-2024.png","contentUrl":"https:\/\/unavainaverde.com\/wp-content\/uploads\/Corito-Verde-2024.png","width":1080,"height":1080,"caption":"Una Vaina Verde"},"image":{"@id":"https:\/\/unavainaverde.com\/#\/schema\/logo\/image\/"},"sameAs":["https:\/\/www.facebook.com\/unavainaverde\/"]}]}},"_links":{"self":[{"href":"https:\/\/unavainaverde.com\/en\/wp-json\/wp\/v2\/pages\/3891","targetHints":{"allow":["GET"]}}],"collection":[{"href":"https:\/\/unavainaverde.com\/en\/wp-json\/wp\/v2\/pages"}],"about":[{"href":"https:\/\/unavainaverde.com\/en\/wp-json\/wp\/v2\/types\/page"}],"author":[{"embeddable":true,"href":"https:\/\/unavainaverde.com\/en\/wp-json\/wp\/v2\/users\/1"}],"replies":[{"embeddable":true,"href":"https:\/\/unavainaverde.com\/en\/wp-json\/wp\/v2\/comments?post=3891"}],"version-history":[{"count":10,"href":"https:\/\/unavainaverde.com\/en\/wp-json\/wp\/v2\/pages\/3891\/revisions"}],"predecessor-version":[{"id":3973,"href":"https:\/\/unavainaverde.com\/en\/wp-json\/wp\/v2\/pages\/3891\/revisions\/3973"}],"wp:featuredmedia":[{"embeddable":true,"href":"https:\/\/unavainaverde.com\/en\/wp-json\/wp\/v2\/media\/8066"}],"wp:attachment":[{"href":"https:\/\/unavainaverde.com\/en\/wp-json\/wp\/v2\/media?parent=3891"}],"curies":[{"name":"wp","href":"https:\/\/api.w.org\/{rel}","templated":true}]}}